{"id":997,"date":"2019-10-09T21:24:52","date_gmt":"2019-10-10T02:24:52","guid":{"rendered":"http:\/\/singulares.mx\/?page_id=997"},"modified":"2019-11-11T13:20:55","modified_gmt":"2019-11-11T19:20:55","slug":"servicios","status":"publish","type":"page","link":"https:\/\/singulares.mx\/?page_id=997","title":{"rendered":"Servicios"},"content":{"rendered":"\t\t<div data-elementor-type=\"wp-page\" data-elementor-id=\"997\" class=\"elementor elementor-997\" data-elementor-settings=\"[]\">\n\t\t\t<div class=\"elementor-inner\">\n\t\t\t\t<div class=\"elementor-section-wrap\">\n\t\t\t\t\t\t\t<section class=\"elementor-element elementor-element-fa7df3d elementor-section-boxed elementor-section-height-default elementor-section-height-default elementor-section elementor-top-section\" data-id=\"fa7df3d\" data-element_type=\"section\">\n\t\t\t\t\t\t<div class=\"elementor-container elementor-column-gap-default\">\n\t\t\t\t<div class=\"elementor-row\">\n\t\t\t\t<div class=\"elementor-element elementor-element-efb078a elementor-column elementor-col-33 elementor-top-column\" data-id=\"efb078a\" data-element_type=\"column\">\n\t\t\t<div class=\"elementor-column-wrap  elementor-element-populated\">\n\t\t\t\t\t<div class=\"elementor-widget-wrap\">\n\t\t\t\t<div class=\"elementor-element elementor-element-840ff45 elementor-widget elementor-widget-heading\" data-id=\"840ff45\" data-element_type=\"widget\" data-widget_type=\"heading.default\">\n\t\t\t\t<div class=\"elementor-widget-container\">\n\t\t\t<h2 class=\"elementor-heading-title elementor-size-default\">Servicios<\/h2>\t\t<\/div>\n\t\t\t\t<\/div>\n\t\t\t\t\t\t<\/div>\n\t\t\t<\/div>\n\t\t<\/div>\n\t\t\t\t<div class=\"elementor-element elementor-element-3153f12 elementor-column elementor-col-66 elementor-top-column\" data-id=\"3153f12\" data-element_type=\"column\">\n\t\t\t<div class=\"elementor-column-wrap  elementor-element-populated\">\n\t\t\t\t\t<div class=\"elementor-widget-wrap\">\n\t\t\t\t<div class=\"elementor-element elementor-element-ace4476 elementor-widget elementor-widget-text-editor\" data-id=\"ace4476\" data-element_type=\"widget\" data-widget_type=\"text-editor.default\">\n\t\t\t\t<div class=\"elementor-widget-container\">\n\t\t\t\t\t<div class=\"elementor-text-editor elementor-clearfix\"><div>Nuestros servicios se extienden m\u00e1s all\u00e1 de la entrega de la casa en tiempo y forma, respaldando nuestra calidad con garant\u00eda de postventa.<\/div><hr \/><\/div>\n\t\t\t\t<\/div>\n\t\t\t\t<\/div>\n\t\t\t\t\t\t<\/div>\n\t\t\t<\/div>\n\t\t<\/div>\n\t\t\t\t\t\t<\/div>\n\t\t\t<\/div>\n\t\t<\/section>\n\t\t\t\t<section class=\"elementor-element elementor-element-2292472 elementor-section-boxed elementor-section-height-default elementor-section-height-default elementor-section elementor-top-section\" data-id=\"2292472\" data-element_type=\"section\">\n\t\t\t\t\t\t<div class=\"elementor-container elementor-column-gap-default\">\n\t\t\t\t<div class=\"elementor-row\">\n\t\t\t\t<div class=\"elementor-element elementor-element-11c3973 elementor-column elementor-col-33 elementor-top-column\" data-id=\"11c3973\" data-element_type=\"column\">\n\t\t\t<div class=\"elementor-column-wrap  elementor-element-populated\">\n\t\t\t\t\t<div class=\"elementor-widget-wrap\">\n\t\t\t\t<div class=\"elementor-element elementor-element-e6dd14d elementor-widget elementor-widget-pr-services\" data-id=\"e6dd14d\" data-element_type=\"widget\" data-widget_type=\"pr-services.default\">\n\t\t\t\t<div class=\"elementor-widget-container\">\n\t\t\t\t\t<div id=\"pr-service-box-e6dd14d\" class=\"pr-service-box-item\">\n\t\t\t<div class=\"pr-service-box-inner\">\n\t\t\t\t<div class=\"pr-service-box-icon-wrap\">\n\t\t\t\t\t<i class=\"\"><\/i>\n\t\t\t\t<\/div>\n\t\t\t\t<h5 class=\"title\">Singuales en Venta<\/h5>\n\t\t\t\t<i class=\"icon icon-arrow-right\"><\/i>\n\t\t\t\t\t\t\t\t\t<a href=\"http:\/\/singulares.mx\/?page_id=1062\" class=\"link uk-position-cover\"><\/a>\n\t\t\t\t\t\t\t<\/div>\n\t\t<\/div>\n\n\t\n\t\t\t<\/div>\n\t\t\t\t<\/div>\n\t\t\t\t\t\t<\/div>\n\t\t\t<\/div>\n\t\t<\/div>\n\t\t\t\t<div class=\"elementor-element elementor-element-028168f elementor-column elementor-col-33 elementor-top-column\" data-id=\"028168f\" data-element_type=\"column\">\n\t\t\t<div class=\"elementor-column-wrap  elementor-element-populated\">\n\t\t\t\t\t<div class=\"elementor-widget-wrap\">\n\t\t\t\t<div class=\"elementor-element elementor-element-a376cfe elementor-widget elementor-widget-pr-services\" data-id=\"a376cfe\" data-element_type=\"widget\" data-widget_type=\"pr-services.default\">\n\t\t\t\t<div class=\"elementor-widget-container\">\n\t\t\t\t\t<div id=\"pr-service-box-a376cfe\" class=\"pr-service-box-item\">\n\t\t\t<div class=\"pr-service-box-inner\">\n\t\t\t\t<div class=\"pr-service-box-icon-wrap\">\n\t\t\t\t\t<i class=\"\"><\/i>\n\t\t\t\t<\/div>\n\t\t\t\t<h5 class=\"title\">Singulares Recomienda<\/h5>\n\t\t\t\t<i class=\"icon icon-arrow-right\"><\/i>\n\t\t\t\t\t\t\t\t\t<a href=\"http:\/\/singulares.mx\/?page_id=1071\" class=\"link uk-position-cover\"><\/a>\n\t\t\t\t\t\t\t<\/div>\n\t\t<\/div>\n\n\t\n\t\t\t<\/div>\n\t\t\t\t<\/div>\n\t\t\t\t\t\t<\/div>\n\t\t\t<\/div>\n\t\t<\/div>\n\t\t\t\t<div class=\"elementor-element elementor-element-0c34395 elementor-column elementor-col-33 elementor-top-column\" data-id=\"0c34395\" data-element_type=\"column\">\n\t\t\t<div class=\"elementor-column-wrap  elementor-element-populated\">\n\t\t\t\t\t<div class=\"elementor-widget-wrap\">\n\t\t\t\t<div class=\"elementor-element elementor-element-caef6c6 elementor-widget elementor-widget-pr-services\" data-id=\"caef6c6\" data-element_type=\"widget\" data-widget_type=\"pr-services.default\">\n\t\t\t\t<div class=\"elementor-widget-container\">\n\t\t\t\t\t<div id=\"pr-service-box-caef6c6\" class=\"pr-service-box-item\">\n\t\t\t<div class=\"pr-service-box-inner\">\n\t\t\t\t<div class=\"pr-service-box-icon-wrap\">\n\t\t\t\t\t<i class=\"\"><\/i>\n\t\t\t\t<\/div>\n\t\t\t\t<h5 class=\"title\">Construimos o Remodelamos<\/h5>\n\t\t\t\t<i class=\"icon icon-arrow-right\"><\/i>\n\t\t\t\t\t\t\t\t\t<a href=\"http:\/\/singulares.mx\/#construimos\" class=\"link uk-position-cover\"><\/a>\n\t\t\t\t\t\t\t<\/div>\n\t\t<\/div>\n\n\t\n\t\t\t<\/div>\n\t\t\t\t<\/div>\n\t\t\t\t\t\t<\/div>\n\t\t\t<\/div>\n\t\t<\/div>\n\t\t\t\t\t\t<\/div>\n\t\t\t<\/div>\n\t\t<\/section>\n\t\t\t\t\t\t<\/div>\n\t\t\t<\/div>\n\t\t<\/div>\n\t\t","protected":false},"excerpt":{"rendered":"<p>Servicios Nuestros servicios se extienden m\u00e1s all\u00e1 de la entrega de la casa en tiempo y forma, respaldando nuestra calidad con garant\u00eda de postventa. Singuales&hellip;<\/p>\n","protected":false},"author":1,"featured_media":0,"parent":0,"menu_order":0,"comment_status":"closed","ping_status":"closed","template":"single-portfolio.php","meta":{"footnotes":""},"_links":{"self":[{"href":"https:\/\/singulares.mx\/index.php?rest_route=\/wp\/v2\/pages\/997"}],"collection":[{"href":"https:\/\/singulares.mx\/index.php?rest_route=\/wp\/v2\/pages"}],"about":[{"href":"https:\/\/singulares.mx\/index.php?rest_route=\/wp\/v2\/types\/page"}],"author":[{"embeddable":true,"href":"https:\/\/singulares.mx\/index.php?rest_route=\/wp\/v2\/users\/1"}],"replies":[{"embeddable":true,"href":"https:\/\/singulares.mx\/index.php?rest_route=%2Fwp%2Fv2%2Fcomments&post=997"}],"version-history":[{"count":14,"href":"https:\/\/singulares.mx\/index.php?rest_route=\/wp\/v2\/pages\/997\/revisions"}],"predecessor-version":[{"id":1213,"href":"https:\/\/singulares.mx\/index.php?rest_route=\/wp\/v2\/pages\/997\/revisions\/1213"}],"wp:attachment":[{"href":"https:\/\/singulares.mx\/index.php?rest_route=%2Fwp%2Fv2%2Fmedia&parent=997"}],"curies":[{"name":"wp","href":"https:\/\/api.w.org\/{rel}","templated":true}]}}