{"id":987,"date":"2019-10-09T18:36:52","date_gmt":"2019-10-09T23:36:52","guid":{"rendered":"http:\/\/singulares.mx\/?page_id=987"},"modified":"2019-11-19T22:20:04","modified_gmt":"2019-11-20T04:20:04","slug":"singulares","status":"publish","type":"page","link":"https:\/\/singulares.mx\/?page_id=987","title":{"rendered":"Singulares"},"content":{"rendered":"\t\t<div data-elementor-type=\"wp-page\" data-elementor-id=\"987\" class=\"elementor elementor-987\" data-elementor-settings=\"[]\">\n\t\t\t<div class=\"elementor-inner\">\n\t\t\t\t<div class=\"elementor-section-wrap\">\n\t\t\t\t\t\t\t<section class=\"elementor-element elementor-element-fa7df3d elementor-section-boxed elementor-section-height-default elementor-section-height-default elementor-section elementor-top-section\" data-id=\"fa7df3d\" data-element_type=\"section\">\n\t\t\t\t\t\t<div class=\"elementor-container elementor-column-gap-default\">\n\t\t\t\t<div class=\"elementor-row\">\n\t\t\t\t<div class=\"elementor-element elementor-element-efb078a elementor-column elementor-col-33 elementor-top-column\" data-id=\"efb078a\" data-element_type=\"column\">\n\t\t\t<div class=\"elementor-column-wrap  elementor-element-populated\">\n\t\t\t\t\t<div class=\"elementor-widget-wrap\">\n\t\t\t\t<div class=\"elementor-element elementor-element-31345b6 elementor-widget elementor-widget-image\" data-id=\"31345b6\" data-element_type=\"widget\" data-widget_type=\"image.default\">\n\t\t\t\t<div class=\"elementor-widget-container\">\n\t\t\t\t\t<div class=\"elementor-image\">\n\t\t\t\t\t\t\t\t\t\t<img loading=\"lazy\" width=\"1024\" height=\"420\" src=\"https:\/\/singulares.mx\/wp-content\/uploads\/2019\/10\/SingularesBRLogo-1024x420.jpg\" class=\"attachment-pixe-featured-image size-pixe-featured-image\" alt=\"\" decoding=\"async\" \/>\t\t\t\t\t\t\t\t\t\t\t<\/div>\n\t\t\t\t<\/div>\n\t\t\t\t<\/div>\n\t\t\t\t\t\t<\/div>\n\t\t\t<\/div>\n\t\t<\/div>\n\t\t\t\t<div class=\"elementor-element elementor-element-3153f12 elementor-column elementor-col-66 elementor-top-column\" data-id=\"3153f12\" data-element_type=\"column\">\n\t\t\t<div class=\"elementor-column-wrap  elementor-element-populated\">\n\t\t\t\t\t<div class=\"elementor-widget-wrap\">\n\t\t\t\t<div class=\"elementor-element elementor-element-ace4476 elementor-widget elementor-widget-text-editor\" data-id=\"ace4476\" data-element_type=\"widget\" data-widget_type=\"text-editor.default\">\n\t\t\t\t<div class=\"elementor-widget-container\">\n\t\t\t\t\t<div class=\"elementor-text-editor elementor-clearfix\"><p>Singulares se distingue por la calidad de su producto desde la selecci\u00f3n del terreno hasta la colaboraci\u00f3n con distinguidos arquitectos para dise\u00f1ar y construir cada proyecto, buscando siempre ofrecer una residencia singular.<\/p><p>Cuidado en el detalle durante el proceso de construcci\u00f3n, acabados y \u00e9nfasis en instalaciones con tecnolog\u00eda de punta.<\/p><p>Brindamos a nuestros clientes la seguridad de que su casa puede crecer con sus necesidades futuras en todos los rubros de vida.<\/p><p>Incursionando en el 2004 en la construcci\u00f3n de casas en serie en el Fraccionamiento de Cumbres Elite en el Municipio de Monterrey, N.L.<\/p><p>Este modelo de construcci\u00f3n se replic\u00f3 en otras partes del \u00e1rea Metropolitana de Monterrey variando en su tama\u00f1o.<\/p><p>En el 2011, Singulares se expandi\u00f3 al mercado de casas de lujo en el Municipio de SPGG.<\/p><p>Aprovechando el conocimiento del mercado, Singulares Bienes Ra\u00edces se ha asociado con diversos oferentes de vivienda nueva y usada. Procurando poner el sello de aprobaci\u00f3n tambi\u00e9n a los inmuebles de terceros ofrecidos a trav\u00e9s de esta plataforma.<\/p><p>Si sue\u00f1as con dise\u00f1ar tu casa o remodelar, Singulares te acompa\u00f1a para hacerlo realidad.<\/p><hr \/><h5>singulares.mx<\/h5><\/div>\n\t\t\t\t<\/div>\n\t\t\t\t<\/div>\n\t\t\t\t<div class=\"elementor-element elementor-element-3f0ef98 elementor-widget elementor-widget-spacer\" data-id=\"3f0ef98\" data-element_type=\"widget\" data-widget_type=\"spacer.default\">\n\t\t\t\t<div class=\"elementor-widget-container\">\n\t\t\t\t\t<div class=\"elementor-spacer\">\n\t\t\t<div class=\"elementor-spacer-inner\"><\/div>\n\t\t<\/div>\n\t\t\t\t<\/div>\n\t\t\t\t<\/div>\n\t\t\t\t<div class=\"elementor-element elementor-element-a4a8bd6 elementor-widget elementor-widget-heading\" data-id=\"a4a8bd6\" data-element_type=\"widget\" data-widget_type=\"heading.default\">\n\t\t\t\t<div class=\"elementor-widget-container\">\n\t\t\t<h2 class=\"elementor-heading-title elementor-size-default\">Representante autorizado en M\u00e9xico<\/h2>\t\t<\/div>\n\t\t\t\t<\/div>\n\t\t\t\t<div class=\"elementor-element elementor-element-b1c5d00 elementor-widget elementor-widget-text-editor\" data-id=\"b1c5d00\" data-element_type=\"widget\" data-widget_type=\"text-editor.default\">\n\t\t\t\t<div class=\"elementor-widget-container\">\n\t\t\t\t\t<div class=\"elementor-text-editor elementor-clearfix\"><p style=\"text-align: left;\"><img decoding=\"async\" loading=\"lazy\" class=\"alignnone size-medium wp-image-841\" style=\"padding: 30px;\" src=\"http:\/\/singulares.mx\/wp-content\/uploads\/2019\/10\/Logo-NewTechWood-300x152.jpg\" alt=\"\" width=\"200\" height=\"152\" \/><img decoding=\"async\" loading=\"lazy\" class=\"alignnone size-medium wp-image-842\" src=\"http:\/\/singulares.mx\/wp-content\/uploads\/2019\/10\/ELBE-PoolSurface-Logo-2018-3-300x120.png\" alt=\"\" width=\"200\" height=\"120\" style=\"margin-left: 20px;\" \/><\/p><\/div>\n\t\t\t\t<\/div>\n\t\t\t\t<\/div>\n\t\t\t\t\t\t<\/div>\n\t\t\t<\/div>\n\t\t<\/div>\n\t\t\t\t\t\t<\/div>\n\t\t\t<\/div>\n\t\t<\/section>\n\t\t\t\t\t\t<\/div>\n\t\t\t<\/div>\n\t\t<\/div>\n\t\t","protected":false},"excerpt":{"rendered":"<p>Singulares se distingue por la calidad de su producto desde la selecci\u00f3n del terreno hasta la colaboraci\u00f3n con distinguidos arquitectos para dise\u00f1ar y construir cada&hellip;<\/p>\n","protected":false},"author":1,"featured_media":0,"parent":0,"menu_order":0,"comment_status":"closed","ping_status":"closed","template":"single-portfolio.php","meta":{"footnotes":""},"_links":{"self":[{"href":"https:\/\/singulares.mx\/index.php?rest_route=\/wp\/v2\/pages\/987"}],"collection":[{"href":"https:\/\/singulares.mx\/index.php?rest_route=\/wp\/v2\/pages"}],"about":[{"href":"https:\/\/singulares.mx\/index.php?rest_route=\/wp\/v2\/types\/page"}],"author":[{"embeddable":true,"href":"https:\/\/singulares.mx\/index.php?rest_route=\/wp\/v2\/users\/1"}],"replies":[{"embeddable":true,"href":"https:\/\/singulares.mx\/index.php?rest_route=%2Fwp%2Fv2%2Fcomments&post=987"}],"version-history":[{"count":14,"href":"https:\/\/singulares.mx\/index.php?rest_route=\/wp\/v2\/pages\/987\/revisions"}],"predecessor-version":[{"id":1353,"href":"https:\/\/singulares.mx\/index.php?rest_route=\/wp\/v2\/pages\/987\/revisions\/1353"}],"wp:attachment":[{"href":"https:\/\/singulares.mx\/index.php?rest_route=%2Fwp%2Fv2%2Fmedia&parent=987"}],"curies":[{"name":"wp","href":"https:\/\/api.w.org\/{rel}","templated":true}]}}