{"id":965,"date":"2019-10-09T18:01:15","date_gmt":"2019-10-09T23:01:15","guid":{"rendered":"http:\/\/singulares.mx\/?page_id=965"},"modified":"2019-11-11T12:33:26","modified_gmt":"2019-11-11T18:33:26","slug":"villa-montana-1","status":"publish","type":"page","link":"https:\/\/singulares.mx\/?page_id=965","title":{"rendered":"Villa Monta\u00f1a 1"},"content":{"rendered":"\t\t<div data-elementor-type=\"wp-page\" data-elementor-id=\"965\" class=\"elementor elementor-965\" data-elementor-settings=\"[]\">\n\t\t\t<div class=\"elementor-inner\">\n\t\t\t\t<div class=\"elementor-section-wrap\">\n\t\t\t\t\t\t\t<section class=\"elementor-element elementor-element-95e4534 elementor-section-boxed elementor-section-height-default elementor-section-height-default elementor-section elementor-top-section\" data-id=\"95e4534\" data-element_type=\"section\">\n\t\t\t\t\t\t<div class=\"elementor-container elementor-column-gap-default\">\n\t\t\t\t<div class=\"elementor-row\">\n\t\t\t\t<div class=\"elementor-element elementor-element-ea06024 elementor-column elementor-col-66 elementor-top-column\" data-id=\"ea06024\" data-element_type=\"column\">\n\t\t\t<div class=\"elementor-column-wrap  elementor-element-populated\">\n\t\t\t\t\t<div class=\"elementor-widget-wrap\">\n\t\t\t\t<div class=\"elementor-element elementor-element-405bead elementor-widget elementor-widget-text-editor\" data-id=\"405bead\" data-element_type=\"widget\" data-widget_type=\"text-editor.default\">\n\t\t\t\t<div class=\"elementor-widget-container\">\n\t\t\t\t\t<div class=\"elementor-text-editor elementor-clearfix\"><h2>VILLA MONTA\u00d1A 1<\/h2><\/div>\n\t\t\t\t<\/div>\n\t\t\t\t<\/div>\n\t\t\t\t<div class=\"elementor-element elementor-element-93bb61d elementor-widget elementor-widget-image-gallery\" data-id=\"93bb61d\" data-element_type=\"widget\" data-widget_type=\"image-gallery.default\">\n\t\t\t\t<div class=\"elementor-widget-container\">\n\t\t\t\t\t<div class=\"elementor-image-gallery\">\n\t\t\t<div id='gallery-1' class='gallery galleryid-965 gallery-columns-3 gallery-size-large'><figure class='gallery-item'>\n\t\t\t<div class='gallery-icon landscape'>\n\t\t\t\t<a data-elementor-open-lightbox=\"default\" data-elementor-lightbox-slideshow=\"93bb61d\" href='https:\/\/singulares.mx\/wp-content\/uploads\/2019\/10\/F-Vista-1-RP.jpeg'><img width=\"1024\" height=\"678\" src=\"https:\/\/singulares.mx\/wp-content\/uploads\/2019\/10\/F-Vista-1-RP-1024x678.jpeg\" class=\"attachment-large size-large\" alt=\"\" decoding=\"async\" loading=\"lazy\" srcset=\"https:\/\/singulares.mx\/wp-content\/uploads\/2019\/10\/F-Vista-1-RP-1024x678.jpeg 1024w, https:\/\/singulares.mx\/wp-content\/uploads\/2019\/10\/F-Vista-1-RP-300x199.jpeg 300w, https:\/\/singulares.mx\/wp-content\/uploads\/2019\/10\/F-Vista-1-RP-768x509.jpeg 768w, https:\/\/singulares.mx\/wp-content\/uploads\/2019\/10\/F-Vista-1-RP-980x649.jpeg 980w\" sizes=\"(max-width: 1024px) 100vw, 1024px\" \/><\/a>\n\t\t\t<\/div><\/figure><figure class='gallery-item'>\n\t\t\t<div class='gallery-icon portrait'>\n\t\t\t\t<a data-elementor-open-lightbox=\"default\" data-elementor-lightbox-slideshow=\"93bb61d\" href='https:\/\/singulares.mx\/wp-content\/uploads\/2019\/10\/K-Techo-Terraza.jpeg'><img width=\"678\" height=\"1024\" src=\"https:\/\/singulares.mx\/wp-content\/uploads\/2019\/10\/K-Techo-Terraza-678x1024.jpeg\" class=\"attachment-large size-large\" alt=\"\" decoding=\"async\" loading=\"lazy\" srcset=\"https:\/\/singulares.mx\/wp-content\/uploads\/2019\/10\/K-Techo-Terraza-678x1024.jpeg 678w, https:\/\/singulares.mx\/wp-content\/uploads\/2019\/10\/K-Techo-Terraza-199x300.jpeg 199w, https:\/\/singulares.mx\/wp-content\/uploads\/2019\/10\/K-Techo-Terraza-768x1160.jpeg 768w, https:\/\/singulares.mx\/wp-content\/uploads\/2019\/10\/K-Techo-Terraza-487x735.jpeg 487w\" sizes=\"(max-width: 678px) 100vw, 678px\" \/><\/a>\n\t\t\t<\/div><\/figure><figure class='gallery-item'>\n\t\t\t<div class='gallery-icon landscape'>\n\t\t\t\t<a data-elementor-open-lightbox=\"default\" data-elementor-lightbox-slideshow=\"93bb61d\" href='https:\/\/singulares.mx\/wp-content\/uploads\/2019\/10\/K-Asador-2.jpeg'><img width=\"1024\" height=\"678\" src=\"https:\/\/singulares.mx\/wp-content\/uploads\/2019\/10\/K-Asador-2-1024x678.jpeg\" class=\"attachment-large size-large\" alt=\"\" decoding=\"async\" loading=\"lazy\" srcset=\"https:\/\/singulares.mx\/wp-content\/uploads\/2019\/10\/K-Asador-2-1024x678.jpeg 1024w, https:\/\/singulares.mx\/wp-content\/uploads\/2019\/10\/K-Asador-2-300x199.jpeg 300w, https:\/\/singulares.mx\/wp-content\/uploads\/2019\/10\/K-Asador-2-768x509.jpeg 768w, https:\/\/singulares.mx\/wp-content\/uploads\/2019\/10\/K-Asador-2-980x649.jpeg 980w\" sizes=\"(max-width: 1024px) 100vw, 1024px\" \/><\/a>\n\t\t\t<\/div><\/figure><figure class='gallery-item'>\n\t\t\t<div class='gallery-icon landscape'>\n\t\t\t\t<a data-elementor-open-lightbox=\"default\" data-elementor-lightbox-slideshow=\"93bb61d\" href='https:\/\/singulares.mx\/wp-content\/uploads\/2019\/10\/B-Cocina-3.jpeg'><img width=\"1024\" height=\"678\" src=\"https:\/\/singulares.mx\/wp-content\/uploads\/2019\/10\/B-Cocina-3-1024x678.jpeg\" class=\"attachment-large size-large\" alt=\"\" decoding=\"async\" loading=\"lazy\" srcset=\"https:\/\/singulares.mx\/wp-content\/uploads\/2019\/10\/B-Cocina-3-1024x678.jpeg 1024w, https:\/\/singulares.mx\/wp-content\/uploads\/2019\/10\/B-Cocina-3-300x199.jpeg 300w, https:\/\/singulares.mx\/wp-content\/uploads\/2019\/10\/B-Cocina-3-768x509.jpeg 768w, https:\/\/singulares.mx\/wp-content\/uploads\/2019\/10\/B-Cocina-3-980x649.jpeg 980w\" sizes=\"(max-width: 1024px) 100vw, 1024px\" \/><\/a>\n\t\t\t<\/div><\/figure><figure class='gallery-item'>\n\t\t\t<div class='gallery-icon landscape'>\n\t\t\t\t<a data-elementor-open-lightbox=\"default\" data-elementor-lightbox-slideshow=\"93bb61d\" href='https:\/\/singulares.mx\/wp-content\/uploads\/2019\/10\/A-Fachada-2.jpeg'><img width=\"1024\" height=\"678\" src=\"https:\/\/singulares.mx\/wp-content\/uploads\/2019\/10\/A-Fachada-2-1024x678.jpeg\" class=\"attachment-large size-large\" alt=\"\" decoding=\"async\" loading=\"lazy\" srcset=\"https:\/\/singulares.mx\/wp-content\/uploads\/2019\/10\/A-Fachada-2-1024x678.jpeg 1024w, https:\/\/singulares.mx\/wp-content\/uploads\/2019\/10\/A-Fachada-2-300x199.jpeg 300w, https:\/\/singulares.mx\/wp-content\/uploads\/2019\/10\/A-Fachada-2-768x509.jpeg 768w, https:\/\/singulares.mx\/wp-content\/uploads\/2019\/10\/A-Fachada-2-980x649.jpeg 980w\" sizes=\"(max-width: 1024px) 100vw, 1024px\" \/><\/a>\n\t\t\t<\/div><\/figure><figure class='gallery-item'>\n\t\t\t<div class='gallery-icon landscape'>\n\t\t\t\t<a data-elementor-open-lightbox=\"default\" data-elementor-lightbox-slideshow=\"93bb61d\" href='https:\/\/singulares.mx\/wp-content\/uploads\/2019\/10\/J-S\u00f3tano.jpeg'><img width=\"1024\" height=\"678\" src=\"https:\/\/singulares.mx\/wp-content\/uploads\/2019\/10\/J-S\u00f3tano-1024x678.jpeg\" class=\"attachment-large size-large\" alt=\"\" decoding=\"async\" loading=\"lazy\" srcset=\"https:\/\/singulares.mx\/wp-content\/uploads\/2019\/10\/J-S\u00f3tano-1024x678.jpeg 1024w, https:\/\/singulares.mx\/wp-content\/uploads\/2019\/10\/J-S\u00f3tano-300x199.jpeg 300w, https:\/\/singulares.mx\/wp-content\/uploads\/2019\/10\/J-S\u00f3tano-768x509.jpeg 768w, https:\/\/singulares.mx\/wp-content\/uploads\/2019\/10\/J-S\u00f3tano-980x649.jpeg 980w\" sizes=\"(max-width: 1024px) 100vw, 1024px\" \/><\/a>\n\t\t\t<\/div><\/figure><figure class='gallery-item'>\n\t\t\t<div class='gallery-icon landscape'>\n\t\t\t\t<a data-elementor-open-lightbox=\"default\" data-elementor-lightbox-slideshow=\"93bb61d\" href='https:\/\/singulares.mx\/wp-content\/uploads\/2019\/10\/D-Entrada-Principal-1.jpeg'><img width=\"1024\" height=\"678\" src=\"https:\/\/singulares.mx\/wp-content\/uploads\/2019\/10\/D-Entrada-Principal-1-1024x678.jpeg\" class=\"attachment-large size-large\" alt=\"\" decoding=\"async\" loading=\"lazy\" srcset=\"https:\/\/singulares.mx\/wp-content\/uploads\/2019\/10\/D-Entrada-Principal-1-1024x678.jpeg 1024w, https:\/\/singulares.mx\/wp-content\/uploads\/2019\/10\/D-Entrada-Principal-1-300x199.jpeg 300w, https:\/\/singulares.mx\/wp-content\/uploads\/2019\/10\/D-Entrada-Principal-1-768x509.jpeg 768w, https:\/\/singulares.mx\/wp-content\/uploads\/2019\/10\/D-Entrada-Principal-1-980x649.jpeg 980w\" sizes=\"(max-width: 1024px) 100vw, 1024px\" \/><\/a>\n\t\t\t<\/div><\/figure><figure class='gallery-item'>\n\t\t\t<div class='gallery-icon landscape'>\n\t\t\t\t<a data-elementor-open-lightbox=\"default\" data-elementor-lightbox-slideshow=\"93bb61d\" href='https:\/\/singulares.mx\/wp-content\/uploads\/2019\/10\/L-Fachada-Posterior-2.jpeg'><img width=\"1024\" height=\"678\" src=\"https:\/\/singulares.mx\/wp-content\/uploads\/2019\/10\/L-Fachada-Posterior-2-1024x678.jpeg\" class=\"attachment-large size-large\" alt=\"\" decoding=\"async\" loading=\"lazy\" srcset=\"https:\/\/singulares.mx\/wp-content\/uploads\/2019\/10\/L-Fachada-Posterior-2-1024x678.jpeg 1024w, https:\/\/singulares.mx\/wp-content\/uploads\/2019\/10\/L-Fachada-Posterior-2-300x199.jpeg 300w, https:\/\/singulares.mx\/wp-content\/uploads\/2019\/10\/L-Fachada-Posterior-2-768x509.jpeg 768w, https:\/\/singulares.mx\/wp-content\/uploads\/2019\/10\/L-Fachada-Posterior-2-980x649.jpeg 980w\" sizes=\"(max-width: 1024px) 100vw, 1024px\" \/><\/a>\n\t\t\t<\/div><\/figure><figure class='gallery-item'>\n\t\t\t<div class='gallery-icon landscape'>\n\t\t\t\t<a data-elementor-open-lightbox=\"default\" data-elementor-lightbox-slideshow=\"93bb61d\" href='https:\/\/singulares.mx\/wp-content\/uploads\/2019\/10\/E-Domo-Escalera.jpeg'><img width=\"1024\" height=\"678\" src=\"https:\/\/singulares.mx\/wp-content\/uploads\/2019\/10\/E-Domo-Escalera-1024x678.jpeg\" class=\"attachment-large size-large\" alt=\"\" decoding=\"async\" loading=\"lazy\" srcset=\"https:\/\/singulares.mx\/wp-content\/uploads\/2019\/10\/E-Domo-Escalera-1024x678.jpeg 1024w, https:\/\/singulares.mx\/wp-content\/uploads\/2019\/10\/E-Domo-Escalera-300x199.jpeg 300w, https:\/\/singulares.mx\/wp-content\/uploads\/2019\/10\/E-Domo-Escalera-768x509.jpeg 768w, https:\/\/singulares.mx\/wp-content\/uploads\/2019\/10\/E-Domo-Escalera-980x649.jpeg 980w\" sizes=\"(max-width: 1024px) 100vw, 1024px\" \/><\/a>\n\t\t\t<\/div><\/figure><figure class='gallery-item'>\n\t\t\t<div class='gallery-icon landscape'>\n\t\t\t\t<a data-elementor-open-lightbox=\"default\" data-elementor-lightbox-slideshow=\"93bb61d\" href='https:\/\/singulares.mx\/wp-content\/uploads\/2019\/10\/B-Cocina-1.jpeg'><img width=\"1024\" height=\"678\" src=\"https:\/\/singulares.mx\/wp-content\/uploads\/2019\/10\/B-Cocina-1-1024x678.jpeg\" class=\"attachment-large size-large\" alt=\"\" decoding=\"async\" loading=\"lazy\" srcset=\"https:\/\/singulares.mx\/wp-content\/uploads\/2019\/10\/B-Cocina-1-1024x678.jpeg 1024w, https:\/\/singulares.mx\/wp-content\/uploads\/2019\/10\/B-Cocina-1-300x199.jpeg 300w, https:\/\/singulares.mx\/wp-content\/uploads\/2019\/10\/B-Cocina-1-768x509.jpeg 768w, https:\/\/singulares.mx\/wp-content\/uploads\/2019\/10\/B-Cocina-1-980x649.jpeg 980w\" sizes=\"(max-width: 1024px) 100vw, 1024px\" \/><\/a>\n\t\t\t<\/div><\/figure><figure class='gallery-item'>\n\t\t\t<div class='gallery-icon portrait'>\n\t\t\t\t<a data-elementor-open-lightbox=\"default\" data-elementor-lightbox-slideshow=\"93bb61d\" href='https:\/\/singulares.mx\/wp-content\/uploads\/2019\/10\/A-Fachada-1.jpeg'><img width=\"678\" height=\"1024\" src=\"https:\/\/singulares.mx\/wp-content\/uploads\/2019\/10\/A-Fachada-1-678x1024.jpeg\" class=\"attachment-large size-large\" alt=\"\" decoding=\"async\" loading=\"lazy\" srcset=\"https:\/\/singulares.mx\/wp-content\/uploads\/2019\/10\/A-Fachada-1-678x1024.jpeg 678w, https:\/\/singulares.mx\/wp-content\/uploads\/2019\/10\/A-Fachada-1-199x300.jpeg 199w, https:\/\/singulares.mx\/wp-content\/uploads\/2019\/10\/A-Fachada-1-768x1160.jpeg 768w, https:\/\/singulares.mx\/wp-content\/uploads\/2019\/10\/A-Fachada-1-487x735.jpeg 487w\" sizes=\"(max-width: 678px) 100vw, 678px\" \/><\/a>\n\t\t\t<\/div><\/figure>\n\t\t<\/div>\n\t\t<\/div>\n\t\t\t\t<\/div>\n\t\t\t\t<\/div>\n\t\t\t\t\t\t<\/div>\n\t\t\t<\/div>\n\t\t<\/div>\n\t\t\t\t<div class=\"elementor-element elementor-element-da28fd7 elementor-column elementor-col-33 elementor-top-column\" data-id=\"da28fd7\" data-element_type=\"column\">\n\t\t\t<div class=\"elementor-column-wrap  elementor-element-populated\">\n\t\t\t\t\t<div class=\"elementor-widget-wrap\">\n\t\t\t\t<div class=\"elementor-element elementor-element-f8b727f elementor-widget elementor-widget-text-editor\" data-id=\"f8b727f\" data-element_type=\"widget\" data-widget_type=\"text-editor.default\">\n\t\t\t\t<div class=\"elementor-widget-container\">\n\t\t\t\t\t<div class=\"elementor-text-editor elementor-clearfix\"><div data-id=\"3e543a2\" data-element_type=\"column\"><div data-id=\"9cab6fb\" data-element_type=\"widget\" data-widget_type=\"heading.default\"><div><h3><span style=\"color: #4d4d4d;\">DETALLES<\/span><\/h3><hr \/><\/div><\/div><div data-id=\"7363338\" data-element_type=\"widget\" data-widget_type=\"divider.default\"><div><div>\u00a0<\/div><\/div><\/div><div data-id=\"dd59d67\" data-element_type=\"widget\" data-widget_type=\"pr-infobox.default\"><h4>Terreno<\/h4><p>484 m2<\/p><\/div><div data-id=\"ae37928\" data-element_type=\"widget\" data-widget_type=\"pr-infobox.default\"><h4>Construcci\u00f3n<\/h4><p>510 m2<\/p><\/div><div data-id=\"48e50df\" data-element_type=\"widget\" data-widget_type=\"pr-infobox.default\"><div data-id=\"48e50df\" data-element_type=\"widget\" data-widget_type=\"pr-infobox.default\"><h4>Arquitecto<\/h4><p>Arq. C\u00e9sar D\u00edaz V\u00e9lez<\/p><\/div><\/div><\/div><\/div>\n\t\t\t\t<\/div>\n\t\t\t\t<\/div>\n\t\t\t\t\t\t<\/div>\n\t\t\t<\/div>\n\t\t<\/div>\n\t\t\t\t\t\t<\/div>\n\t\t\t<\/div>\n\t\t<\/section>\n\t\t\t\t\t\t<\/div>\n\t\t\t<\/div>\n\t\t<\/div>\n\t\t","protected":false},"excerpt":{"rendered":"<p>VILLA MONTA\u00d1A 1 DETALLES \u00a0 Terreno 484 m2 Construcci\u00f3n 510 m2 Arquitecto Arq. C\u00e9sar D\u00edaz V\u00e9lez<\/p>\n","protected":false},"author":2,"featured_media":967,"parent":0,"menu_order":0,"comment_status":"closed","ping_status":"closed","template":"single-portfolio.php","meta":{"footnotes":""},"_links":{"self":[{"href":"https:\/\/singulares.mx\/index.php?rest_route=\/wp\/v2\/pages\/965"}],"collection":[{"href":"https:\/\/singulares.mx\/index.php?rest_route=\/wp\/v2\/pages"}],"about":[{"href":"https:\/\/singulares.mx\/index.php?rest_route=\/wp\/v2\/types\/page"}],"author":[{"embeddable":true,"href":"https:\/\/singulares.mx\/index.php?rest_route=\/wp\/v2\/users\/2"}],"replies":[{"embeddable":true,"href":"https:\/\/singulares.mx\/index.php?rest_route=%2Fwp%2Fv2%2Fcomments&post=965"}],"version-history":[{"count":12,"href":"https:\/\/singulares.mx\/index.php?rest_route=\/wp\/v2\/pages\/965\/revisions"}],"predecessor-version":[{"id":1262,"href":"https:\/\/singulares.mx\/index.php?rest_route=\/wp\/v2\/pages\/965\/revisions\/1262"}],"wp:featuredmedia":[{"embeddable":true,"href":"https:\/\/singulares.mx\/index.php?rest_route=\/wp\/v2\/media\/967"}],"wp:attachment":[{"href":"https:\/\/singulares.mx\/index.php?rest_route=%2Fwp%2Fv2%2Fmedia&parent=965"}],"curies":[{"name":"wp","href":"https:\/\/api.w.org\/{rel}","templated":true}]}}