{"id":909,"date":"2019-10-09T17:39:30","date_gmt":"2019-10-09T22:39:30","guid":{"rendered":"http:\/\/singulares.mx\/?page_id=909"},"modified":"2019-11-11T11:58:24","modified_gmt":"2019-11-11T17:58:24","slug":"sena-1","status":"publish","type":"page","link":"https:\/\/singulares.mx\/?page_id=909","title":{"rendered":"Sena 1"},"content":{"rendered":"\t\t<div data-elementor-type=\"wp-page\" data-elementor-id=\"909\" class=\"elementor elementor-909\" data-elementor-settings=\"[]\">\n\t\t\t<div class=\"elementor-inner\">\n\t\t\t\t<div class=\"elementor-section-wrap\">\n\t\t\t\t\t\t\t<section class=\"elementor-element elementor-element-95e4534 elementor-section-boxed elementor-section-height-default elementor-section-height-default elementor-section elementor-top-section\" data-id=\"95e4534\" data-element_type=\"section\">\n\t\t\t\t\t\t<div class=\"elementor-container elementor-column-gap-default\">\n\t\t\t\t<div class=\"elementor-row\">\n\t\t\t\t<div class=\"elementor-element elementor-element-ea06024 elementor-column elementor-col-66 elementor-top-column\" data-id=\"ea06024\" data-element_type=\"column\">\n\t\t\t<div class=\"elementor-column-wrap  elementor-element-populated\">\n\t\t\t\t\t<div class=\"elementor-widget-wrap\">\n\t\t\t\t<div class=\"elementor-element elementor-element-405bead elementor-widget elementor-widget-text-editor\" data-id=\"405bead\" data-element_type=\"widget\" data-widget_type=\"text-editor.default\">\n\t\t\t\t<div class=\"elementor-widget-container\">\n\t\t\t\t\t<div class=\"elementor-text-editor elementor-clearfix\"><h2>R\u00cdO SENA 1<\/h2><\/div>\n\t\t\t\t<\/div>\n\t\t\t\t<\/div>\n\t\t\t\t<div class=\"elementor-element elementor-element-93bb61d elementor-widget elementor-widget-image-gallery\" data-id=\"93bb61d\" data-element_type=\"widget\" data-widget_type=\"image-gallery.default\">\n\t\t\t\t<div class=\"elementor-widget-container\">\n\t\t\t\t\t<div class=\"elementor-image-gallery\">\n\t\t\t<div id='gallery-1' class='gallery galleryid-909 gallery-columns-3 gallery-size-large'><figure class='gallery-item'>\n\t\t\t<div class='gallery-icon portrait'>\n\t\t\t\t<a data-elementor-open-lightbox=\"default\" data-elementor-lightbox-slideshow=\"93bb61d\" href='https:\/\/singulares.mx\/wp-content\/uploads\/2019\/10\/AB-Fachada-1-1.jpeg'><img width=\"768\" height=\"1024\" src=\"https:\/\/singulares.mx\/wp-content\/uploads\/2019\/10\/AB-Fachada-1-1-768x1024.jpeg\" class=\"attachment-large size-large\" alt=\"\" decoding=\"async\" loading=\"lazy\" srcset=\"https:\/\/singulares.mx\/wp-content\/uploads\/2019\/10\/AB-Fachada-1-1-768x1024.jpeg 768w, https:\/\/singulares.mx\/wp-content\/uploads\/2019\/10\/AB-Fachada-1-1-225x300.jpeg 225w, https:\/\/singulares.mx\/wp-content\/uploads\/2019\/10\/AB-Fachada-1-1-551x735.jpeg 551w\" sizes=\"(max-width: 768px) 100vw, 768px\" \/><\/a>\n\t\t\t<\/div><\/figure><figure class='gallery-item'>\n\t\t\t<div class='gallery-icon portrait'>\n\t\t\t\t<a data-elementor-open-lightbox=\"default\" data-elementor-lightbox-slideshow=\"93bb61d\" href='https:\/\/singulares.mx\/wp-content\/uploads\/2019\/10\/AD-Fachada-3.jpeg'><img width=\"768\" height=\"1024\" src=\"https:\/\/singulares.mx\/wp-content\/uploads\/2019\/10\/AD-Fachada-3-768x1024.jpeg\" class=\"attachment-large size-large\" alt=\"\" decoding=\"async\" loading=\"lazy\" srcset=\"https:\/\/singulares.mx\/wp-content\/uploads\/2019\/10\/AD-Fachada-3-768x1024.jpeg 768w, https:\/\/singulares.mx\/wp-content\/uploads\/2019\/10\/AD-Fachada-3-225x300.jpeg 225w, https:\/\/singulares.mx\/wp-content\/uploads\/2019\/10\/AD-Fachada-3-551x735.jpeg 551w\" sizes=\"(max-width: 768px) 100vw, 768px\" \/><\/a>\n\t\t\t<\/div><\/figure><figure class='gallery-item'>\n\t\t\t<div class='gallery-icon portrait'>\n\t\t\t\t<a data-elementor-open-lightbox=\"default\" data-elementor-lightbox-slideshow=\"93bb61d\" href='https:\/\/singulares.mx\/wp-content\/uploads\/2019\/10\/AE-Fachada-detalles-materiales.jpeg'><img width=\"768\" height=\"1024\" src=\"https:\/\/singulares.mx\/wp-content\/uploads\/2019\/10\/AE-Fachada-detalles-materiales-768x1024.jpeg\" class=\"attachment-large size-large\" alt=\"\" decoding=\"async\" loading=\"lazy\" srcset=\"https:\/\/singulares.mx\/wp-content\/uploads\/2019\/10\/AE-Fachada-detalles-materiales-768x1024.jpeg 768w, https:\/\/singulares.mx\/wp-content\/uploads\/2019\/10\/AE-Fachada-detalles-materiales-225x300.jpeg 225w, https:\/\/singulares.mx\/wp-content\/uploads\/2019\/10\/AE-Fachada-detalles-materiales-551x735.jpeg 551w\" sizes=\"(max-width: 768px) 100vw, 768px\" \/><\/a>\n\t\t\t<\/div><\/figure><figure class='gallery-item'>\n\t\t\t<div class='gallery-icon portrait'>\n\t\t\t\t<a data-elementor-open-lightbox=\"default\" data-elementor-lightbox-slideshow=\"93bb61d\" href='https:\/\/singulares.mx\/wp-content\/uploads\/2019\/10\/AF-Fachada-entrada-visitas.jpeg'><img width=\"768\" height=\"1024\" src=\"https:\/\/singulares.mx\/wp-content\/uploads\/2019\/10\/AF-Fachada-entrada-visitas-768x1024.jpeg\" class=\"attachment-large size-large\" alt=\"\" decoding=\"async\" loading=\"lazy\" srcset=\"https:\/\/singulares.mx\/wp-content\/uploads\/2019\/10\/AF-Fachada-entrada-visitas-768x1024.jpeg 768w, https:\/\/singulares.mx\/wp-content\/uploads\/2019\/10\/AF-Fachada-entrada-visitas-225x300.jpeg 225w, https:\/\/singulares.mx\/wp-content\/uploads\/2019\/10\/AF-Fachada-entrada-visitas-551x735.jpeg 551w\" sizes=\"(max-width: 768px) 100vw, 768px\" \/><\/a>\n\t\t\t<\/div><\/figure><figure class='gallery-item'>\n\t\t\t<div class='gallery-icon landscape'>\n\t\t\t\t<a data-elementor-open-lightbox=\"default\" data-elementor-lightbox-slideshow=\"93bb61d\" href='https:\/\/singulares.mx\/wp-content\/uploads\/2019\/10\/B-Sala-vista-al-patio-1.jpeg'><img width=\"1024\" height=\"768\" src=\"https:\/\/singulares.mx\/wp-content\/uploads\/2019\/10\/B-Sala-vista-al-patio-1-1024x768.jpeg\" class=\"attachment-large size-large\" alt=\"\" decoding=\"async\" loading=\"lazy\" srcset=\"https:\/\/singulares.mx\/wp-content\/uploads\/2019\/10\/B-Sala-vista-al-patio-1-1024x768.jpeg 1024w, https:\/\/singulares.mx\/wp-content\/uploads\/2019\/10\/B-Sala-vista-al-patio-1-300x225.jpeg 300w, https:\/\/singulares.mx\/wp-content\/uploads\/2019\/10\/B-Sala-vista-al-patio-1-768x576.jpeg 768w, https:\/\/singulares.mx\/wp-content\/uploads\/2019\/10\/B-Sala-vista-al-patio-1-980x735.jpeg 980w\" sizes=\"(max-width: 1024px) 100vw, 1024px\" \/><\/a>\n\t\t\t<\/div><\/figure><figure class='gallery-item'>\n\t\t\t<div class='gallery-icon landscape'>\n\t\t\t\t<a data-elementor-open-lightbox=\"default\" data-elementor-lightbox-slideshow=\"93bb61d\" href='https:\/\/singulares.mx\/wp-content\/uploads\/2019\/10\/CC-Cocina.jpeg'><img width=\"1024\" height=\"768\" src=\"https:\/\/singulares.mx\/wp-content\/uploads\/2019\/10\/CC-Cocina-1024x768.jpeg\" class=\"attachment-large size-large\" alt=\"\" decoding=\"async\" loading=\"lazy\" srcset=\"https:\/\/singulares.mx\/wp-content\/uploads\/2019\/10\/CC-Cocina-1024x768.jpeg 1024w, https:\/\/singulares.mx\/wp-content\/uploads\/2019\/10\/CC-Cocina-300x225.jpeg 300w, https:\/\/singulares.mx\/wp-content\/uploads\/2019\/10\/CC-Cocina-768x576.jpeg 768w, https:\/\/singulares.mx\/wp-content\/uploads\/2019\/10\/CC-Cocina-980x735.jpeg 980w\" sizes=\"(max-width: 1024px) 100vw, 1024px\" \/><\/a>\n\t\t\t<\/div><\/figure><figure class='gallery-item'>\n\t\t\t<div class='gallery-icon landscape'>\n\t\t\t\t<a data-elementor-open-lightbox=\"default\" data-elementor-lightbox-slideshow=\"93bb61d\" href='https:\/\/singulares.mx\/wp-content\/uploads\/2019\/10\/CD-Estancia-Familiar-Cocina.jpeg'><img width=\"1024\" height=\"768\" src=\"https:\/\/singulares.mx\/wp-content\/uploads\/2019\/10\/CD-Estancia-Familiar-Cocina-1024x768.jpeg\" class=\"attachment-large size-large\" alt=\"\" decoding=\"async\" loading=\"lazy\" srcset=\"https:\/\/singulares.mx\/wp-content\/uploads\/2019\/10\/CD-Estancia-Familiar-Cocina-1024x768.jpeg 1024w, https:\/\/singulares.mx\/wp-content\/uploads\/2019\/10\/CD-Estancia-Familiar-Cocina-300x225.jpeg 300w, https:\/\/singulares.mx\/wp-content\/uploads\/2019\/10\/CD-Estancia-Familiar-Cocina-768x576.jpeg 768w, https:\/\/singulares.mx\/wp-content\/uploads\/2019\/10\/CD-Estancia-Familiar-Cocina-980x735.jpeg 980w\" sizes=\"(max-width: 1024px) 100vw, 1024px\" \/><\/a>\n\t\t\t<\/div><\/figure><figure class='gallery-item'>\n\t\t\t<div class='gallery-icon portrait'>\n\t\t\t\t<a data-elementor-open-lightbox=\"default\" data-elementor-lightbox-slideshow=\"93bb61d\" href='https:\/\/singulares.mx\/wp-content\/uploads\/2019\/10\/DC-Rec-Principal-Balc\u00f3n.jpeg'><img width=\"768\" height=\"1024\" src=\"https:\/\/singulares.mx\/wp-content\/uploads\/2019\/10\/DC-Rec-Principal-Balc\u00f3n-768x1024.jpeg\" class=\"attachment-large size-large\" alt=\"\" decoding=\"async\" loading=\"lazy\" srcset=\"https:\/\/singulares.mx\/wp-content\/uploads\/2019\/10\/DC-Rec-Principal-Balc\u00f3n-768x1024.jpeg 768w, https:\/\/singulares.mx\/wp-content\/uploads\/2019\/10\/DC-Rec-Principal-Balc\u00f3n-225x300.jpeg 225w, https:\/\/singulares.mx\/wp-content\/uploads\/2019\/10\/DC-Rec-Principal-Balc\u00f3n-551x735.jpeg 551w\" sizes=\"(max-width: 768px) 100vw, 768px\" \/><\/a>\n\t\t\t<\/div><\/figure><figure class='gallery-item'>\n\t\t\t<div class='gallery-icon portrait'>\n\t\t\t\t<a data-elementor-open-lightbox=\"default\" data-elementor-lightbox-slideshow=\"93bb61d\" href='https:\/\/singulares.mx\/wp-content\/uploads\/2019\/10\/DF-Rec-Principal-Walk-in-closet-1.jpeg'><img width=\"768\" height=\"1024\" src=\"https:\/\/singulares.mx\/wp-content\/uploads\/2019\/10\/DF-Rec-Principal-Walk-in-closet-1-768x1024.jpeg\" class=\"attachment-large size-large\" alt=\"\" decoding=\"async\" loading=\"lazy\" srcset=\"https:\/\/singulares.mx\/wp-content\/uploads\/2019\/10\/DF-Rec-Principal-Walk-in-closet-1-768x1024.jpeg 768w, https:\/\/singulares.mx\/wp-content\/uploads\/2019\/10\/DF-Rec-Principal-Walk-in-closet-1-225x300.jpeg 225w, https:\/\/singulares.mx\/wp-content\/uploads\/2019\/10\/DF-Rec-Principal-Walk-in-closet-1-551x735.jpeg 551w\" sizes=\"(max-width: 768px) 100vw, 768px\" \/><\/a>\n\t\t\t<\/div><\/figure><figure class='gallery-item'>\n\t\t\t<div class='gallery-icon portrait'>\n\t\t\t\t<a data-elementor-open-lightbox=\"default\" data-elementor-lightbox-slideshow=\"93bb61d\" href='https:\/\/singulares.mx\/wp-content\/uploads\/2019\/10\/EB-Rec-Sec-Lavabo.jpeg'><img width=\"768\" height=\"1024\" src=\"https:\/\/singulares.mx\/wp-content\/uploads\/2019\/10\/EB-Rec-Sec-Lavabo-768x1024.jpeg\" class=\"attachment-large size-large\" alt=\"\" decoding=\"async\" loading=\"lazy\" srcset=\"https:\/\/singulares.mx\/wp-content\/uploads\/2019\/10\/EB-Rec-Sec-Lavabo-768x1024.jpeg 768w, https:\/\/singulares.mx\/wp-content\/uploads\/2019\/10\/EB-Rec-Sec-Lavabo-225x300.jpeg 225w, https:\/\/singulares.mx\/wp-content\/uploads\/2019\/10\/EB-Rec-Sec-Lavabo-551x735.jpeg 551w\" sizes=\"(max-width: 768px) 100vw, 768px\" \/><\/a>\n\t\t\t<\/div><\/figure><figure class='gallery-item'>\n\t\t\t<div class='gallery-icon portrait'>\n\t\t\t\t<a data-elementor-open-lightbox=\"default\" data-elementor-lightbox-slideshow=\"93bb61d\" href='https:\/\/singulares.mx\/wp-content\/uploads\/2019\/10\/FD-Asador-3.jpeg'><img width=\"768\" height=\"1024\" src=\"https:\/\/singulares.mx\/wp-content\/uploads\/2019\/10\/FD-Asador-3-768x1024.jpeg\" class=\"attachment-large size-large\" alt=\"\" decoding=\"async\" loading=\"lazy\" srcset=\"https:\/\/singulares.mx\/wp-content\/uploads\/2019\/10\/FD-Asador-3-768x1024.jpeg 768w, https:\/\/singulares.mx\/wp-content\/uploads\/2019\/10\/FD-Asador-3-225x300.jpeg 225w, https:\/\/singulares.mx\/wp-content\/uploads\/2019\/10\/FD-Asador-3-551x735.jpeg 551w\" sizes=\"(max-width: 768px) 100vw, 768px\" \/><\/a>\n\t\t\t<\/div><\/figure><figure class='gallery-item'>\n\t\t\t<div class='gallery-icon landscape'>\n\t\t\t\t<a data-elementor-open-lightbox=\"default\" data-elementor-lightbox-slideshow=\"93bb61d\" href='https:\/\/singulares.mx\/wp-content\/uploads\/2019\/10\/FE-Jard\u00edn-1.jpeg'><img width=\"1024\" height=\"768\" src=\"https:\/\/singulares.mx\/wp-content\/uploads\/2019\/10\/FE-Jard\u00edn-1-1024x768.jpeg\" class=\"attachment-large size-large\" alt=\"\" decoding=\"async\" loading=\"lazy\" srcset=\"https:\/\/singulares.mx\/wp-content\/uploads\/2019\/10\/FE-Jard\u00edn-1-1024x768.jpeg 1024w, https:\/\/singulares.mx\/wp-content\/uploads\/2019\/10\/FE-Jard\u00edn-1-300x225.jpeg 300w, https:\/\/singulares.mx\/wp-content\/uploads\/2019\/10\/FE-Jard\u00edn-1-768x576.jpeg 768w, https:\/\/singulares.mx\/wp-content\/uploads\/2019\/10\/FE-Jard\u00edn-1-980x735.jpeg 980w\" sizes=\"(max-width: 1024px) 100vw, 1024px\" \/><\/a>\n\t\t\t<\/div><\/figure><figure class='gallery-item'>\n\t\t\t<div class='gallery-icon landscape'>\n\t\t\t\t<a data-elementor-open-lightbox=\"default\" data-elementor-lightbox-slideshow=\"93bb61d\" href='https:\/\/singulares.mx\/wp-content\/uploads\/2019\/10\/FH-Vista-Terraza-Patio.jpeg'><img width=\"1024\" height=\"768\" src=\"https:\/\/singulares.mx\/wp-content\/uploads\/2019\/10\/FH-Vista-Terraza-Patio-1024x768.jpeg\" class=\"attachment-large size-large\" alt=\"\" decoding=\"async\" loading=\"lazy\" srcset=\"https:\/\/singulares.mx\/wp-content\/uploads\/2019\/10\/FH-Vista-Terraza-Patio-1024x768.jpeg 1024w, https:\/\/singulares.mx\/wp-content\/uploads\/2019\/10\/FH-Vista-Terraza-Patio-300x225.jpeg 300w, https:\/\/singulares.mx\/wp-content\/uploads\/2019\/10\/FH-Vista-Terraza-Patio-768x576.jpeg 768w, https:\/\/singulares.mx\/wp-content\/uploads\/2019\/10\/FH-Vista-Terraza-Patio-980x735.jpeg 980w\" sizes=\"(max-width: 1024px) 100vw, 1024px\" \/><\/a>\n\t\t\t<\/div><\/figure><figure class='gallery-item'>\n\t\t\t<div class='gallery-icon portrait'>\n\t\t\t\t<a data-elementor-open-lightbox=\"default\" data-elementor-lightbox-slideshow=\"93bb61d\" href='https:\/\/singulares.mx\/wp-content\/uploads\/2019\/10\/FI-Vista-Patio.jpeg'><img width=\"768\" height=\"1024\" src=\"https:\/\/singulares.mx\/wp-content\/uploads\/2019\/10\/FI-Vista-Patio-768x1024.jpeg\" class=\"attachment-large size-large\" alt=\"\" decoding=\"async\" loading=\"lazy\" srcset=\"https:\/\/singulares.mx\/wp-content\/uploads\/2019\/10\/FI-Vista-Patio-768x1024.jpeg 768w, https:\/\/singulares.mx\/wp-content\/uploads\/2019\/10\/FI-Vista-Patio-225x300.jpeg 225w, https:\/\/singulares.mx\/wp-content\/uploads\/2019\/10\/FI-Vista-Patio-551x735.jpeg 551w\" sizes=\"(max-width: 768px) 100vw, 768px\" \/><\/a>\n\t\t\t<\/div><\/figure><figure class='gallery-item'>\n\t\t\t<div class='gallery-icon landscape'>\n\t\t\t\t<a data-elementor-open-lightbox=\"default\" data-elementor-lightbox-slideshow=\"93bb61d\" href='https:\/\/singulares.mx\/wp-content\/uploads\/2019\/10\/A-Fachada-completa.jpeg'><img width=\"1024\" height=\"768\" src=\"https:\/\/singulares.mx\/wp-content\/uploads\/2019\/10\/A-Fachada-completa-1024x768.jpeg\" class=\"attachment-large size-large\" alt=\"\" decoding=\"async\" loading=\"lazy\" srcset=\"https:\/\/singulares.mx\/wp-content\/uploads\/2019\/10\/A-Fachada-completa-1024x768.jpeg 1024w, https:\/\/singulares.mx\/wp-content\/uploads\/2019\/10\/A-Fachada-completa-300x225.jpeg 300w, https:\/\/singulares.mx\/wp-content\/uploads\/2019\/10\/A-Fachada-completa-768x576.jpeg 768w, https:\/\/singulares.mx\/wp-content\/uploads\/2019\/10\/A-Fachada-completa-980x735.jpeg 980w\" sizes=\"(max-width: 1024px) 100vw, 1024px\" \/><\/a>\n\t\t\t<\/div><\/figure>\n\t\t<\/div>\n\t\t<\/div>\n\t\t\t\t<\/div>\n\t\t\t\t<\/div>\n\t\t\t\t\t\t<\/div>\n\t\t\t<\/div>\n\t\t<\/div>\n\t\t\t\t<div class=\"elementor-element elementor-element-da28fd7 elementor-column elementor-col-33 elementor-top-column\" data-id=\"da28fd7\" data-element_type=\"column\">\n\t\t\t<div class=\"elementor-column-wrap  elementor-element-populated\">\n\t\t\t\t\t<div class=\"elementor-widget-wrap\">\n\t\t\t\t<div class=\"elementor-element elementor-element-f8b727f elementor-widget elementor-widget-text-editor\" data-id=\"f8b727f\" data-element_type=\"widget\" data-widget_type=\"text-editor.default\">\n\t\t\t\t<div class=\"elementor-widget-container\">\n\t\t\t\t\t<div class=\"elementor-text-editor elementor-clearfix\"><div data-id=\"3e543a2\" data-element_type=\"column\"><div data-id=\"9cab6fb\" data-element_type=\"widget\" data-widget_type=\"heading.default\"><div data-id=\"9cab6fb\" data-element_type=\"widget\" data-widget_type=\"heading.default\"><div><h3><span style=\"color: #4d4d4d;\">DETALLES<\/span><\/h3><hr \/><\/div><\/div><div data-id=\"7363338\" data-element_type=\"widget\" data-widget_type=\"divider.default\"><div><div>\u00a0<\/div><\/div><\/div><div data-id=\"dd59d67\" data-element_type=\"widget\" data-widget_type=\"pr-infobox.default\"><h4>Terreno<\/h4><p>400 m2<\/p><\/div><div data-id=\"ae37928\" data-element_type=\"widget\" data-widget_type=\"pr-infobox.default\"><h4>Construcci\u00f3n<\/h4><p>589 m2<\/p><\/div><div data-id=\"48e50df\" data-element_type=\"widget\" data-widget_type=\"pr-infobox.default\"><div data-id=\"48e50df\" data-element_type=\"widget\" data-widget_type=\"pr-infobox.default\"><h4>Arquitecto<\/h4><p>Arq. C\u00e9sar D\u00edaz V\u00e9lez en colaboraci\u00f3n con el Arq. Guillermo Tirado Gonz\u00e1lez<\/p><\/div><\/div><\/div><\/div><\/div>\n\t\t\t\t<\/div>\n\t\t\t\t<\/div>\n\t\t\t\t\t\t<\/div>\n\t\t\t<\/div>\n\t\t<\/div>\n\t\t\t\t\t\t<\/div>\n\t\t\t<\/div>\n\t\t<\/section>\n\t\t\t\t\t\t<\/div>\n\t\t\t<\/div>\n\t\t<\/div>\n\t\t","protected":false},"excerpt":{"rendered":"<p>R\u00cdO SENA 1 DETALLES \u00a0 Terreno 400 m2 Construcci\u00f3n 589 m2 Arquitecto Arq. C\u00e9sar D\u00edaz V\u00e9lez en colaboraci\u00f3n con el Arq. Guillermo Tirado Gonz\u00e1lez<\/p>\n","protected":false},"author":2,"featured_media":908,"parent":0,"menu_order":0,"comment_status":"closed","ping_status":"closed","template":"single-portfolio.php","meta":{"footnotes":""},"_links":{"self":[{"href":"https:\/\/singulares.mx\/index.php?rest_route=\/wp\/v2\/pages\/909"}],"collection":[{"href":"https:\/\/singulares.mx\/index.php?rest_route=\/wp\/v2\/pages"}],"about":[{"href":"https:\/\/singulares.mx\/index.php?rest_route=\/wp\/v2\/types\/page"}],"author":[{"embeddable":true,"href":"https:\/\/singulares.mx\/index.php?rest_route=\/wp\/v2\/users\/2"}],"replies":[{"embeddable":true,"href":"https:\/\/singulares.mx\/index.php?rest_route=%2Fwp%2Fv2%2Fcomments&post=909"}],"version-history":[{"count":10,"href":"https:\/\/singulares.mx\/index.php?rest_route=\/wp\/v2\/pages\/909\/revisions"}],"predecessor-version":[{"id":1249,"href":"https:\/\/singulares.mx\/index.php?rest_route=\/wp\/v2\/pages\/909\/revisions\/1249"}],"wp:featuredmedia":[{"embeddable":true,"href":"https:\/\/singulares.mx\/index.php?rest_route=\/wp\/v2\/media\/908"}],"wp:attachment":[{"href":"https:\/\/singulares.mx\/index.php?rest_route=%2Fwp%2Fv2%2Fmedia&parent=909"}],"curies":[{"name":"wp","href":"https:\/\/api.w.org\/{rel}","templated":true}]}}