{"id":886,"date":"2019-10-09T17:21:56","date_gmt":"2019-10-09T22:21:56","guid":{"rendered":"http:\/\/singulares.mx\/?page_id=886"},"modified":"2019-11-11T12:35:45","modified_gmt":"2019-11-11T18:35:45","slug":"fuentes","status":"publish","type":"page","link":"https:\/\/singulares.mx\/?page_id=886","title":{"rendered":"Fuentes"},"content":{"rendered":"\t\t<div data-elementor-type=\"wp-page\" data-elementor-id=\"886\" class=\"elementor elementor-886\" data-elementor-settings=\"[]\">\n\t\t\t<div class=\"elementor-inner\">\n\t\t\t\t<div class=\"elementor-section-wrap\">\n\t\t\t\t\t\t\t<section class=\"elementor-element elementor-element-95e4534 elementor-section-boxed elementor-section-height-default elementor-section-height-default elementor-section elementor-top-section\" data-id=\"95e4534\" data-element_type=\"section\">\n\t\t\t\t\t\t<div class=\"elementor-container elementor-column-gap-default\">\n\t\t\t\t<div class=\"elementor-row\">\n\t\t\t\t<div class=\"elementor-element elementor-element-ea06024 elementor-column elementor-col-66 elementor-top-column\" data-id=\"ea06024\" data-element_type=\"column\">\n\t\t\t<div class=\"elementor-column-wrap  elementor-element-populated\">\n\t\t\t\t\t<div class=\"elementor-widget-wrap\">\n\t\t\t\t<div class=\"elementor-element elementor-element-405bead elementor-widget elementor-widget-text-editor\" data-id=\"405bead\" data-element_type=\"widget\" data-widget_type=\"text-editor.default\">\n\t\t\t\t<div class=\"elementor-widget-container\">\n\t\t\t\t\t<div class=\"elementor-text-editor elementor-clearfix\"><h2>FUENTES<\/h2><\/div>\n\t\t\t\t<\/div>\n\t\t\t\t<\/div>\n\t\t\t\t<div class=\"elementor-element elementor-element-93bb61d elementor-widget elementor-widget-image-gallery\" data-id=\"93bb61d\" data-element_type=\"widget\" data-widget_type=\"image-gallery.default\">\n\t\t\t\t<div class=\"elementor-widget-container\">\n\t\t\t\t\t<div class=\"elementor-image-gallery\">\n\t\t\t<div id='gallery-1' class='gallery galleryid-886 gallery-columns-3 gallery-size-large'><figure class='gallery-item'>\n\t\t\t<div class='gallery-icon landscape'>\n\t\t\t\t<a data-elementor-open-lightbox=\"default\" data-elementor-lightbox-slideshow=\"93bb61d\" href='https:\/\/singulares.mx\/wp-content\/uploads\/2019\/10\/DSC_0450.jpeg'><img width=\"1024\" height=\"685\" src=\"https:\/\/singulares.mx\/wp-content\/uploads\/2019\/10\/DSC_0450-1024x685.jpeg\" class=\"attachment-large size-large\" alt=\"\" decoding=\"async\" loading=\"lazy\" srcset=\"https:\/\/singulares.mx\/wp-content\/uploads\/2019\/10\/DSC_0450-1024x685.jpeg 1024w, https:\/\/singulares.mx\/wp-content\/uploads\/2019\/10\/DSC_0450-300x201.jpeg 300w, https:\/\/singulares.mx\/wp-content\/uploads\/2019\/10\/DSC_0450-768x514.jpeg 768w, https:\/\/singulares.mx\/wp-content\/uploads\/2019\/10\/DSC_0450-980x656.jpeg 980w\" sizes=\"(max-width: 1024px) 100vw, 1024px\" \/><\/a>\n\t\t\t<\/div><\/figure><figure class='gallery-item'>\n\t\t\t<div class='gallery-icon landscape'>\n\t\t\t\t<a data-elementor-open-lightbox=\"default\" data-elementor-lightbox-slideshow=\"93bb61d\" href='https:\/\/singulares.mx\/wp-content\/uploads\/2019\/10\/DSC_0456.jpeg'><img width=\"1024\" height=\"685\" src=\"https:\/\/singulares.mx\/wp-content\/uploads\/2019\/10\/DSC_0456-1024x685.jpeg\" class=\"attachment-large size-large\" alt=\"\" decoding=\"async\" loading=\"lazy\" srcset=\"https:\/\/singulares.mx\/wp-content\/uploads\/2019\/10\/DSC_0456-1024x685.jpeg 1024w, https:\/\/singulares.mx\/wp-content\/uploads\/2019\/10\/DSC_0456-300x201.jpeg 300w, https:\/\/singulares.mx\/wp-content\/uploads\/2019\/10\/DSC_0456-768x514.jpeg 768w, https:\/\/singulares.mx\/wp-content\/uploads\/2019\/10\/DSC_0456-980x656.jpeg 980w\" sizes=\"(max-width: 1024px) 100vw, 1024px\" \/><\/a>\n\t\t\t<\/div><\/figure><figure class='gallery-item'>\n\t\t\t<div class='gallery-icon landscape'>\n\t\t\t\t<a data-elementor-open-lightbox=\"default\" data-elementor-lightbox-slideshow=\"93bb61d\" href='https:\/\/singulares.mx\/wp-content\/uploads\/2019\/10\/DSC_0458.jpeg'><img width=\"1024\" height=\"685\" src=\"https:\/\/singulares.mx\/wp-content\/uploads\/2019\/10\/DSC_0458-1024x685.jpeg\" class=\"attachment-large size-large\" alt=\"\" decoding=\"async\" loading=\"lazy\" srcset=\"https:\/\/singulares.mx\/wp-content\/uploads\/2019\/10\/DSC_0458-1024x685.jpeg 1024w, https:\/\/singulares.mx\/wp-content\/uploads\/2019\/10\/DSC_0458-300x201.jpeg 300w, https:\/\/singulares.mx\/wp-content\/uploads\/2019\/10\/DSC_0458-768x514.jpeg 768w, https:\/\/singulares.mx\/wp-content\/uploads\/2019\/10\/DSC_0458-980x656.jpeg 980w\" sizes=\"(max-width: 1024px) 100vw, 1024px\" \/><\/a>\n\t\t\t<\/div><\/figure><figure class='gallery-item'>\n\t\t\t<div class='gallery-icon portrait'>\n\t\t\t\t<a data-elementor-open-lightbox=\"default\" data-elementor-lightbox-slideshow=\"93bb61d\" href='https:\/\/singulares.mx\/wp-content\/uploads\/2019\/10\/DSC_0479.jpeg'><img width=\"685\" height=\"1024\" src=\"https:\/\/singulares.mx\/wp-content\/uploads\/2019\/10\/DSC_0479-685x1024.jpeg\" class=\"attachment-large size-large\" alt=\"\" decoding=\"async\" loading=\"lazy\" srcset=\"https:\/\/singulares.mx\/wp-content\/uploads\/2019\/10\/DSC_0479-685x1024.jpeg 685w, https:\/\/singulares.mx\/wp-content\/uploads\/2019\/10\/DSC_0479-201x300.jpeg 201w, https:\/\/singulares.mx\/wp-content\/uploads\/2019\/10\/DSC_0479-768x1147.jpeg 768w, https:\/\/singulares.mx\/wp-content\/uploads\/2019\/10\/DSC_0479-492x735.jpeg 492w\" sizes=\"(max-width: 685px) 100vw, 685px\" \/><\/a>\n\t\t\t<\/div><\/figure><figure class='gallery-item'>\n\t\t\t<div class='gallery-icon portrait'>\n\t\t\t\t<a data-elementor-open-lightbox=\"default\" data-elementor-lightbox-slideshow=\"93bb61d\" href='https:\/\/singulares.mx\/wp-content\/uploads\/2019\/10\/DSC_0462.jpeg'><img width=\"685\" height=\"1024\" src=\"https:\/\/singulares.mx\/wp-content\/uploads\/2019\/10\/DSC_0462-685x1024.jpeg\" class=\"attachment-large size-large\" alt=\"\" decoding=\"async\" loading=\"lazy\" srcset=\"https:\/\/singulares.mx\/wp-content\/uploads\/2019\/10\/DSC_0462-685x1024.jpeg 685w, https:\/\/singulares.mx\/wp-content\/uploads\/2019\/10\/DSC_0462-201x300.jpeg 201w, https:\/\/singulares.mx\/wp-content\/uploads\/2019\/10\/DSC_0462-768x1147.jpeg 768w, https:\/\/singulares.mx\/wp-content\/uploads\/2019\/10\/DSC_0462-492x735.jpeg 492w\" sizes=\"(max-width: 685px) 100vw, 685px\" \/><\/a>\n\t\t\t<\/div><\/figure><figure class='gallery-item'>\n\t\t\t<div class='gallery-icon portrait'>\n\t\t\t\t<a data-elementor-open-lightbox=\"default\" data-elementor-lightbox-slideshow=\"93bb61d\" href='https:\/\/singulares.mx\/wp-content\/uploads\/2019\/10\/DSC_0463-1.jpeg'><img width=\"685\" height=\"1024\" src=\"https:\/\/singulares.mx\/wp-content\/uploads\/2019\/10\/DSC_0463-1-685x1024.jpeg\" class=\"attachment-large size-large\" alt=\"\" decoding=\"async\" loading=\"lazy\" srcset=\"https:\/\/singulares.mx\/wp-content\/uploads\/2019\/10\/DSC_0463-1-685x1024.jpeg 685w, https:\/\/singulares.mx\/wp-content\/uploads\/2019\/10\/DSC_0463-1-201x300.jpeg 201w, https:\/\/singulares.mx\/wp-content\/uploads\/2019\/10\/DSC_0463-1-768x1147.jpeg 768w, https:\/\/singulares.mx\/wp-content\/uploads\/2019\/10\/DSC_0463-1-492x735.jpeg 492w\" sizes=\"(max-width: 685px) 100vw, 685px\" \/><\/a>\n\t\t\t<\/div><\/figure><figure class='gallery-item'>\n\t\t\t<div class='gallery-icon landscape'>\n\t\t\t\t<a data-elementor-open-lightbox=\"default\" data-elementor-lightbox-slideshow=\"93bb61d\" href='https:\/\/singulares.mx\/wp-content\/uploads\/2019\/10\/DSC_0464.jpeg'><img width=\"1024\" height=\"685\" src=\"https:\/\/singulares.mx\/wp-content\/uploads\/2019\/10\/DSC_0464-1024x685.jpeg\" class=\"attachment-large size-large\" alt=\"\" decoding=\"async\" loading=\"lazy\" srcset=\"https:\/\/singulares.mx\/wp-content\/uploads\/2019\/10\/DSC_0464-1024x685.jpeg 1024w, https:\/\/singulares.mx\/wp-content\/uploads\/2019\/10\/DSC_0464-300x201.jpeg 300w, https:\/\/singulares.mx\/wp-content\/uploads\/2019\/10\/DSC_0464-768x514.jpeg 768w, https:\/\/singulares.mx\/wp-content\/uploads\/2019\/10\/DSC_0464-980x656.jpeg 980w\" sizes=\"(max-width: 1024px) 100vw, 1024px\" \/><\/a>\n\t\t\t<\/div><\/figure><figure class='gallery-item'>\n\t\t\t<div class='gallery-icon landscape'>\n\t\t\t\t<a data-elementor-open-lightbox=\"default\" data-elementor-lightbox-slideshow=\"93bb61d\" href='https:\/\/singulares.mx\/wp-content\/uploads\/2019\/10\/DSC_0461.jpeg'><img width=\"1024\" height=\"685\" src=\"https:\/\/singulares.mx\/wp-content\/uploads\/2019\/10\/DSC_0461-1024x685.jpeg\" class=\"attachment-large size-large\" alt=\"\" decoding=\"async\" loading=\"lazy\" srcset=\"https:\/\/singulares.mx\/wp-content\/uploads\/2019\/10\/DSC_0461-1024x685.jpeg 1024w, https:\/\/singulares.mx\/wp-content\/uploads\/2019\/10\/DSC_0461-300x201.jpeg 300w, https:\/\/singulares.mx\/wp-content\/uploads\/2019\/10\/DSC_0461-768x514.jpeg 768w, https:\/\/singulares.mx\/wp-content\/uploads\/2019\/10\/DSC_0461-980x656.jpeg 980w\" sizes=\"(max-width: 1024px) 100vw, 1024px\" \/><\/a>\n\t\t\t<\/div><\/figure><figure class='gallery-item'>\n\t\t\t<div class='gallery-icon landscape'>\n\t\t\t\t<a data-elementor-open-lightbox=\"default\" data-elementor-lightbox-slideshow=\"93bb61d\" href='https:\/\/singulares.mx\/wp-content\/uploads\/2019\/10\/DSC_0475.jpeg'><img width=\"1024\" height=\"685\" src=\"https:\/\/singulares.mx\/wp-content\/uploads\/2019\/10\/DSC_0475-1024x685.jpeg\" class=\"attachment-large size-large\" alt=\"\" decoding=\"async\" loading=\"lazy\" srcset=\"https:\/\/singulares.mx\/wp-content\/uploads\/2019\/10\/DSC_0475-1024x685.jpeg 1024w, https:\/\/singulares.mx\/wp-content\/uploads\/2019\/10\/DSC_0475-300x201.jpeg 300w, https:\/\/singulares.mx\/wp-content\/uploads\/2019\/10\/DSC_0475-768x514.jpeg 768w, https:\/\/singulares.mx\/wp-content\/uploads\/2019\/10\/DSC_0475-980x656.jpeg 980w\" sizes=\"(max-width: 1024px) 100vw, 1024px\" \/><\/a>\n\t\t\t<\/div><\/figure><figure class='gallery-item'>\n\t\t\t<div class='gallery-icon landscape'>\n\t\t\t\t<a data-elementor-open-lightbox=\"default\" data-elementor-lightbox-slideshow=\"93bb61d\" href='https:\/\/singulares.mx\/wp-content\/uploads\/2019\/10\/DSC_0499-1.jpeg'><img width=\"1024\" height=\"685\" src=\"https:\/\/singulares.mx\/wp-content\/uploads\/2019\/10\/DSC_0499-1-1024x685.jpeg\" class=\"attachment-large size-large\" alt=\"\" decoding=\"async\" loading=\"lazy\" srcset=\"https:\/\/singulares.mx\/wp-content\/uploads\/2019\/10\/DSC_0499-1-1024x685.jpeg 1024w, https:\/\/singulares.mx\/wp-content\/uploads\/2019\/10\/DSC_0499-1-300x201.jpeg 300w, https:\/\/singulares.mx\/wp-content\/uploads\/2019\/10\/DSC_0499-1-768x514.jpeg 768w, https:\/\/singulares.mx\/wp-content\/uploads\/2019\/10\/DSC_0499-1-980x656.jpeg 980w\" sizes=\"(max-width: 1024px) 100vw, 1024px\" \/><\/a>\n\t\t\t<\/div><\/figure><figure class='gallery-item'>\n\t\t\t<div class='gallery-icon landscape'>\n\t\t\t\t<a data-elementor-open-lightbox=\"default\" data-elementor-lightbox-slideshow=\"93bb61d\" href='https:\/\/singulares.mx\/wp-content\/uploads\/2019\/10\/DSC_0522.jpeg'><img width=\"1024\" height=\"685\" src=\"https:\/\/singulares.mx\/wp-content\/uploads\/2019\/10\/DSC_0522-1024x685.jpeg\" class=\"attachment-large size-large\" alt=\"\" decoding=\"async\" loading=\"lazy\" srcset=\"https:\/\/singulares.mx\/wp-content\/uploads\/2019\/10\/DSC_0522-1024x685.jpeg 1024w, https:\/\/singulares.mx\/wp-content\/uploads\/2019\/10\/DSC_0522-300x201.jpeg 300w, https:\/\/singulares.mx\/wp-content\/uploads\/2019\/10\/DSC_0522-768x514.jpeg 768w, https:\/\/singulares.mx\/wp-content\/uploads\/2019\/10\/DSC_0522-980x656.jpeg 980w\" sizes=\"(max-width: 1024px) 100vw, 1024px\" \/><\/a>\n\t\t\t<\/div><\/figure><figure class='gallery-item'>\n\t\t\t<div class='gallery-icon landscape'>\n\t\t\t\t<a data-elementor-open-lightbox=\"default\" data-elementor-lightbox-slideshow=\"93bb61d\" href='https:\/\/singulares.mx\/wp-content\/uploads\/2019\/10\/DSC_0525.jpeg'><img width=\"1024\" height=\"685\" src=\"https:\/\/singulares.mx\/wp-content\/uploads\/2019\/10\/DSC_0525-1024x685.jpeg\" class=\"attachment-large size-large\" alt=\"\" decoding=\"async\" loading=\"lazy\" srcset=\"https:\/\/singulares.mx\/wp-content\/uploads\/2019\/10\/DSC_0525-1024x685.jpeg 1024w, https:\/\/singulares.mx\/wp-content\/uploads\/2019\/10\/DSC_0525-300x201.jpeg 300w, https:\/\/singulares.mx\/wp-content\/uploads\/2019\/10\/DSC_0525-768x514.jpeg 768w, https:\/\/singulares.mx\/wp-content\/uploads\/2019\/10\/DSC_0525-980x656.jpeg 980w\" sizes=\"(max-width: 1024px) 100vw, 1024px\" \/><\/a>\n\t\t\t<\/div><\/figure><figure class='gallery-item'>\n\t\t\t<div class='gallery-icon landscape'>\n\t\t\t\t<a data-elementor-open-lightbox=\"default\" data-elementor-lightbox-slideshow=\"93bb61d\" href='https:\/\/singulares.mx\/wp-content\/uploads\/2019\/10\/DSC_0526.jpeg'><img width=\"1024\" height=\"685\" src=\"https:\/\/singulares.mx\/wp-content\/uploads\/2019\/10\/DSC_0526-1024x685.jpeg\" class=\"attachment-large size-large\" alt=\"\" decoding=\"async\" loading=\"lazy\" srcset=\"https:\/\/singulares.mx\/wp-content\/uploads\/2019\/10\/DSC_0526-1024x685.jpeg 1024w, https:\/\/singulares.mx\/wp-content\/uploads\/2019\/10\/DSC_0526-300x201.jpeg 300w, https:\/\/singulares.mx\/wp-content\/uploads\/2019\/10\/DSC_0526-768x514.jpeg 768w, https:\/\/singulares.mx\/wp-content\/uploads\/2019\/10\/DSC_0526-980x656.jpeg 980w\" sizes=\"(max-width: 1024px) 100vw, 1024px\" \/><\/a>\n\t\t\t<\/div><\/figure><figure class='gallery-item'>\n\t\t\t<div class='gallery-icon landscape'>\n\t\t\t\t<a data-elementor-open-lightbox=\"default\" data-elementor-lightbox-slideshow=\"93bb61d\" href='https:\/\/singulares.mx\/wp-content\/uploads\/2019\/10\/DSC_0446-1.jpeg'><img width=\"1024\" height=\"685\" src=\"https:\/\/singulares.mx\/wp-content\/uploads\/2019\/10\/DSC_0446-1-1024x685.jpeg\" class=\"attachment-large size-large\" alt=\"\" decoding=\"async\" loading=\"lazy\" srcset=\"https:\/\/singulares.mx\/wp-content\/uploads\/2019\/10\/DSC_0446-1-1024x685.jpeg 1024w, https:\/\/singulares.mx\/wp-content\/uploads\/2019\/10\/DSC_0446-1-300x201.jpeg 300w, https:\/\/singulares.mx\/wp-content\/uploads\/2019\/10\/DSC_0446-1-768x514.jpeg 768w, https:\/\/singulares.mx\/wp-content\/uploads\/2019\/10\/DSC_0446-1-980x656.jpeg 980w\" sizes=\"(max-width: 1024px) 100vw, 1024px\" \/><\/a>\n\t\t\t<\/div><\/figure>\n\t\t<\/div>\n\t\t<\/div>\n\t\t\t\t<\/div>\n\t\t\t\t<\/div>\n\t\t\t\t\t\t<\/div>\n\t\t\t<\/div>\n\t\t<\/div>\n\t\t\t\t<div class=\"elementor-element elementor-element-da28fd7 elementor-column elementor-col-33 elementor-top-column\" data-id=\"da28fd7\" data-element_type=\"column\">\n\t\t\t<div class=\"elementor-column-wrap  elementor-element-populated\">\n\t\t\t\t\t<div class=\"elementor-widget-wrap\">\n\t\t\t\t<div class=\"elementor-element elementor-element-f8b727f elementor-widget elementor-widget-text-editor\" data-id=\"f8b727f\" data-element_type=\"widget\" data-widget_type=\"text-editor.default\">\n\t\t\t\t<div class=\"elementor-widget-container\">\n\t\t\t\t\t<div class=\"elementor-text-editor elementor-clearfix\"><div data-id=\"3e543a2\" data-element_type=\"column\"><div data-id=\"9cab6fb\" data-element_type=\"widget\" data-widget_type=\"heading.default\"><div data-id=\"9cab6fb\" data-element_type=\"widget\" data-widget_type=\"heading.default\"><div><h3><span style=\"color: #4d4d4d;\">DETALLES<\/span><\/h3><div>\u00a0<\/div><hr \/><\/div><\/div><div data-id=\"dd59d67\" data-element_type=\"widget\" data-widget_type=\"pr-infobox.default\"><h4>Terreno<\/h4><p>700 m2<\/p><\/div><div data-id=\"ae37928\" data-element_type=\"widget\" data-widget_type=\"pr-infobox.default\"><h4>Construcci\u00f3n<\/h4><p>489 m2<\/p><\/div><div data-id=\"48e50df\" data-element_type=\"widget\" data-widget_type=\"pr-infobox.default\"><div data-id=\"48e50df\" data-element_type=\"widget\" data-widget_type=\"pr-infobox.default\"><h4>Arquitecto<\/h4><p>Arq. C\u00e9sar D\u00edaz V\u00e9lez<\/p><\/div><\/div><\/div><\/div><\/div>\n\t\t\t\t<\/div>\n\t\t\t\t<\/div>\n\t\t\t\t\t\t<\/div>\n\t\t\t<\/div>\n\t\t<\/div>\n\t\t\t\t\t\t<\/div>\n\t\t\t<\/div>\n\t\t<\/section>\n\t\t\t\t\t\t<\/div>\n\t\t\t<\/div>\n\t\t<\/div>\n\t\t","protected":false},"excerpt":{"rendered":"<p>FUENTES DETALLES \u00a0 Terreno 700 m2 Construcci\u00f3n 489 m2 Arquitecto Arq. C\u00e9sar D\u00edaz V\u00e9lez<\/p>\n","protected":false},"author":2,"featured_media":888,"parent":0,"menu_order":0,"comment_status":"closed","ping_status":"closed","template":"single-portfolio.php","meta":{"footnotes":""},"_links":{"self":[{"href":"https:\/\/singulares.mx\/index.php?rest_route=\/wp\/v2\/pages\/886"}],"collection":[{"href":"https:\/\/singulares.mx\/index.php?rest_route=\/wp\/v2\/pages"}],"about":[{"href":"https:\/\/singulares.mx\/index.php?rest_route=\/wp\/v2\/types\/page"}],"author":[{"embeddable":true,"href":"https:\/\/singulares.mx\/index.php?rest_route=\/wp\/v2\/users\/2"}],"replies":[{"embeddable":true,"href":"https:\/\/singulares.mx\/index.php?rest_route=%2Fwp%2Fv2%2Fcomments&post=886"}],"version-history":[{"count":12,"href":"https:\/\/singulares.mx\/index.php?rest_route=\/wp\/v2\/pages\/886\/revisions"}],"predecessor-version":[{"id":1263,"href":"https:\/\/singulares.mx\/index.php?rest_route=\/wp\/v2\/pages\/886\/revisions\/1263"}],"wp:featuredmedia":[{"embeddable":true,"href":"https:\/\/singulares.mx\/index.php?rest_route=\/wp\/v2\/media\/888"}],"wp:attachment":[{"href":"https:\/\/singulares.mx\/index.php?rest_route=%2Fwp%2Fv2%2Fmedia&parent=886"}],"curies":[{"name":"wp","href":"https:\/\/api.w.org\/{rel}","templated":true}]}}