{"id":835,"date":"2019-10-10T01:24:00","date_gmt":"2019-10-10T06:24:00","guid":{"rendered":"http:\/\/singulares.mx\/?page_id=835"},"modified":"2019-11-11T11:49:57","modified_gmt":"2019-11-11T17:49:57","slug":"bosques-1","status":"publish","type":"page","link":"https:\/\/singulares.mx\/?page_id=835","title":{"rendered":"Bosques 1"},"content":{"rendered":"\t\t<div data-elementor-type=\"wp-page\" data-elementor-id=\"835\" class=\"elementor elementor-835\" data-elementor-settings=\"[]\">\n\t\t\t<div class=\"elementor-inner\">\n\t\t\t\t<div class=\"elementor-section-wrap\">\n\t\t\t\t\t\t\t<section class=\"elementor-element elementor-element-95e4534 elementor-section-boxed elementor-section-height-default elementor-section-height-default elementor-section elementor-top-section\" data-id=\"95e4534\" data-element_type=\"section\">\n\t\t\t\t\t\t<div class=\"elementor-container elementor-column-gap-default\">\n\t\t\t\t<div class=\"elementor-row\">\n\t\t\t\t<div class=\"elementor-element elementor-element-ea06024 elementor-column elementor-col-66 elementor-top-column\" data-id=\"ea06024\" data-element_type=\"column\">\n\t\t\t<div class=\"elementor-column-wrap  elementor-element-populated\">\n\t\t\t\t\t<div class=\"elementor-widget-wrap\">\n\t\t\t\t<div class=\"elementor-element elementor-element-405bead elementor-widget elementor-widget-text-editor\" data-id=\"405bead\" data-element_type=\"widget\" data-widget_type=\"text-editor.default\">\n\t\t\t\t<div class=\"elementor-widget-container\">\n\t\t\t\t\t<div class=\"elementor-text-editor elementor-clearfix\"><h2>BOSQUES 1<\/h2><\/div>\n\t\t\t\t<\/div>\n\t\t\t\t<\/div>\n\t\t\t\t<div class=\"elementor-element elementor-element-93bb61d elementor-widget elementor-widget-image-gallery\" data-id=\"93bb61d\" data-element_type=\"widget\" data-widget_type=\"image-gallery.default\">\n\t\t\t\t<div class=\"elementor-widget-container\">\n\t\t\t\t\t<div class=\"elementor-image-gallery\">\n\t\t\t<div id='gallery-1' class='gallery galleryid-835 gallery-columns-3 gallery-size-large'><figure class='gallery-item'>\n\t\t\t<div class='gallery-icon landscape'>\n\t\t\t\t<a data-elementor-open-lightbox=\"default\" data-elementor-lightbox-slideshow=\"93bb61d\" href='https:\/\/singulares.mx\/wp-content\/uploads\/2019\/10\/bosques-05-1.jpg'><img width=\"900\" height=\"675\" src=\"https:\/\/singulares.mx\/wp-content\/uploads\/2019\/10\/bosques-05-1.jpg\" class=\"attachment-large size-large\" alt=\"\" decoding=\"async\" loading=\"lazy\" srcset=\"https:\/\/singulares.mx\/wp-content\/uploads\/2019\/10\/bosques-05-1.jpg 900w, https:\/\/singulares.mx\/wp-content\/uploads\/2019\/10\/bosques-05-1-300x225.jpg 300w, https:\/\/singulares.mx\/wp-content\/uploads\/2019\/10\/bosques-05-1-768x576.jpg 768w\" sizes=\"(max-width: 900px) 100vw, 900px\" \/><\/a>\n\t\t\t<\/div><\/figure><figure class='gallery-item'>\n\t\t\t<div class='gallery-icon landscape'>\n\t\t\t\t<a data-elementor-open-lightbox=\"default\" data-elementor-lightbox-slideshow=\"93bb61d\" href='https:\/\/singulares.mx\/wp-content\/uploads\/2019\/10\/bosques-01-1.jpg'><img width=\"900\" height=\"675\" src=\"https:\/\/singulares.mx\/wp-content\/uploads\/2019\/10\/bosques-01-1.jpg\" class=\"attachment-large size-large\" alt=\"\" decoding=\"async\" loading=\"lazy\" srcset=\"https:\/\/singulares.mx\/wp-content\/uploads\/2019\/10\/bosques-01-1.jpg 900w, https:\/\/singulares.mx\/wp-content\/uploads\/2019\/10\/bosques-01-1-300x225.jpg 300w, https:\/\/singulares.mx\/wp-content\/uploads\/2019\/10\/bosques-01-1-768x576.jpg 768w\" sizes=\"(max-width: 900px) 100vw, 900px\" \/><\/a>\n\t\t\t<\/div><\/figure><figure class='gallery-item'>\n\t\t\t<div class='gallery-icon landscape'>\n\t\t\t\t<a data-elementor-open-lightbox=\"default\" data-elementor-lightbox-slideshow=\"93bb61d\" href='https:\/\/singulares.mx\/wp-content\/uploads\/2019\/10\/bosques-02-1.jpg'><img width=\"900\" height=\"675\" src=\"https:\/\/singulares.mx\/wp-content\/uploads\/2019\/10\/bosques-02-1.jpg\" class=\"attachment-large size-large\" alt=\"\" decoding=\"async\" loading=\"lazy\" srcset=\"https:\/\/singulares.mx\/wp-content\/uploads\/2019\/10\/bosques-02-1.jpg 900w, https:\/\/singulares.mx\/wp-content\/uploads\/2019\/10\/bosques-02-1-300x225.jpg 300w, https:\/\/singulares.mx\/wp-content\/uploads\/2019\/10\/bosques-02-1-768x576.jpg 768w\" sizes=\"(max-width: 900px) 100vw, 900px\" \/><\/a>\n\t\t\t<\/div><\/figure><figure class='gallery-item'>\n\t\t\t<div class='gallery-icon portrait'>\n\t\t\t\t<a data-elementor-open-lightbox=\"default\" data-elementor-lightbox-slideshow=\"93bb61d\" href='https:\/\/singulares.mx\/wp-content\/uploads\/2019\/10\/bosques-03-1.jpg'><img width=\"768\" height=\"1024\" src=\"https:\/\/singulares.mx\/wp-content\/uploads\/2019\/10\/bosques-03-1-768x1024.jpg\" class=\"attachment-large size-large\" alt=\"\" decoding=\"async\" loading=\"lazy\" srcset=\"https:\/\/singulares.mx\/wp-content\/uploads\/2019\/10\/bosques-03-1-768x1024.jpg 768w, https:\/\/singulares.mx\/wp-content\/uploads\/2019\/10\/bosques-03-1-225x300.jpg 225w, https:\/\/singulares.mx\/wp-content\/uploads\/2019\/10\/bosques-03-1-551x735.jpg 551w, https:\/\/singulares.mx\/wp-content\/uploads\/2019\/10\/bosques-03-1.jpg 900w\" sizes=\"(max-width: 768px) 100vw, 768px\" \/><\/a>\n\t\t\t<\/div><\/figure><figure class='gallery-item'>\n\t\t\t<div class='gallery-icon portrait'>\n\t\t\t\t<a data-elementor-open-lightbox=\"default\" data-elementor-lightbox-slideshow=\"93bb61d\" href='https:\/\/singulares.mx\/wp-content\/uploads\/2019\/10\/bosques-04-1.jpg'><img width=\"768\" height=\"1024\" src=\"https:\/\/singulares.mx\/wp-content\/uploads\/2019\/10\/bosques-04-1-768x1024.jpg\" class=\"attachment-large size-large\" alt=\"\" decoding=\"async\" loading=\"lazy\" srcset=\"https:\/\/singulares.mx\/wp-content\/uploads\/2019\/10\/bosques-04-1-768x1024.jpg 768w, https:\/\/singulares.mx\/wp-content\/uploads\/2019\/10\/bosques-04-1-225x300.jpg 225w, https:\/\/singulares.mx\/wp-content\/uploads\/2019\/10\/bosques-04-1-551x735.jpg 551w, https:\/\/singulares.mx\/wp-content\/uploads\/2019\/10\/bosques-04-1.jpg 900w\" sizes=\"(max-width: 768px) 100vw, 768px\" \/><\/a>\n\t\t\t<\/div><\/figure><figure class='gallery-item'>\n\t\t\t<div class='gallery-icon portrait'>\n\t\t\t\t<a data-elementor-open-lightbox=\"default\" data-elementor-lightbox-slideshow=\"93bb61d\" href='https:\/\/singulares.mx\/wp-content\/uploads\/2019\/10\/bosques-07-1.jpg'><img width=\"768\" height=\"1024\" src=\"https:\/\/singulares.mx\/wp-content\/uploads\/2019\/10\/bosques-07-1-768x1024.jpg\" class=\"attachment-large size-large\" alt=\"\" decoding=\"async\" loading=\"lazy\" srcset=\"https:\/\/singulares.mx\/wp-content\/uploads\/2019\/10\/bosques-07-1-768x1024.jpg 768w, https:\/\/singulares.mx\/wp-content\/uploads\/2019\/10\/bosques-07-1-225x300.jpg 225w, https:\/\/singulares.mx\/wp-content\/uploads\/2019\/10\/bosques-07-1-551x735.jpg 551w, https:\/\/singulares.mx\/wp-content\/uploads\/2019\/10\/bosques-07-1.jpg 900w\" sizes=\"(max-width: 768px) 100vw, 768px\" \/><\/a>\n\t\t\t<\/div><\/figure><figure class='gallery-item'>\n\t\t\t<div class='gallery-icon landscape'>\n\t\t\t\t<a data-elementor-open-lightbox=\"default\" data-elementor-lightbox-slideshow=\"93bb61d\" href='https:\/\/singulares.mx\/wp-content\/uploads\/2019\/10\/bosques-06-1.jpg'><img width=\"900\" height=\"675\" src=\"https:\/\/singulares.mx\/wp-content\/uploads\/2019\/10\/bosques-06-1.jpg\" class=\"attachment-large size-large\" alt=\"\" decoding=\"async\" loading=\"lazy\" srcset=\"https:\/\/singulares.mx\/wp-content\/uploads\/2019\/10\/bosques-06-1.jpg 900w, https:\/\/singulares.mx\/wp-content\/uploads\/2019\/10\/bosques-06-1-300x225.jpg 300w, https:\/\/singulares.mx\/wp-content\/uploads\/2019\/10\/bosques-06-1-768x576.jpg 768w\" sizes=\"(max-width: 900px) 100vw, 900px\" \/><\/a>\n\t\t\t<\/div><\/figure><figure class='gallery-item'>\n\t\t\t<div class='gallery-icon landscape'>\n\t\t\t\t<a data-elementor-open-lightbox=\"default\" data-elementor-lightbox-slideshow=\"93bb61d\" href='https:\/\/singulares.mx\/wp-content\/uploads\/2019\/10\/bosques-08-1.jpg'><img width=\"900\" height=\"675\" src=\"https:\/\/singulares.mx\/wp-content\/uploads\/2019\/10\/bosques-08-1.jpg\" class=\"attachment-large size-large\" alt=\"\" decoding=\"async\" loading=\"lazy\" srcset=\"https:\/\/singulares.mx\/wp-content\/uploads\/2019\/10\/bosques-08-1.jpg 900w, https:\/\/singulares.mx\/wp-content\/uploads\/2019\/10\/bosques-08-1-300x225.jpg 300w, https:\/\/singulares.mx\/wp-content\/uploads\/2019\/10\/bosques-08-1-768x576.jpg 768w\" sizes=\"(max-width: 900px) 100vw, 900px\" \/><\/a>\n\t\t\t<\/div><\/figure>\n\t\t<\/div>\n\t\t<\/div>\n\t\t\t\t<\/div>\n\t\t\t\t<\/div>\n\t\t\t\t\t\t<\/div>\n\t\t\t<\/div>\n\t\t<\/div>\n\t\t\t\t<div class=\"elementor-element elementor-element-da28fd7 elementor-column elementor-col-33 elementor-top-column\" data-id=\"da28fd7\" data-element_type=\"column\">\n\t\t\t<div class=\"elementor-column-wrap  elementor-element-populated\">\n\t\t\t\t\t<div class=\"elementor-widget-wrap\">\n\t\t\t\t<div class=\"elementor-element elementor-element-f8b727f elementor-widget elementor-widget-text-editor\" data-id=\"f8b727f\" data-element_type=\"widget\" data-widget_type=\"text-editor.default\">\n\t\t\t\t<div class=\"elementor-widget-container\">\n\t\t\t\t\t<div class=\"elementor-text-editor elementor-clearfix\"><div data-id=\"3e543a2\" data-element_type=\"column\"><div data-id=\"9cab6fb\" data-element_type=\"widget\" data-widget_type=\"heading.default\"><div data-id=\"9cab6fb\" data-element_type=\"widget\" data-widget_type=\"heading.default\"><div><h3><span style=\"color: #4d4d4d;\">DETALLES<\/span><\/h3><div>\u00a0<\/div><\/div><\/div><div data-id=\"dd59d67\" data-element_type=\"widget\" data-widget_type=\"pr-infobox.default\"><h4>Terreno<\/h4><p>250 m2<\/p><\/div><div data-id=\"ae37928\" data-element_type=\"widget\" data-widget_type=\"pr-infobox.default\"><h4>Construcci\u00f3n<\/h4><p>470 m2<\/p><\/div><div data-id=\"48e50df\" data-element_type=\"widget\" data-widget_type=\"pr-infobox.default\"><div data-id=\"48e50df\" data-element_type=\"widget\" data-widget_type=\"pr-infobox.default\"><h4>Arquitecto<\/h4><p>Arq. C\u00e9sar D\u00edaz V\u00e9lez<\/p><\/div><\/div><\/div><\/div><\/div>\n\t\t\t\t<\/div>\n\t\t\t\t<\/div>\n\t\t\t\t\t\t<\/div>\n\t\t\t<\/div>\n\t\t<\/div>\n\t\t\t\t\t\t<\/div>\n\t\t\t<\/div>\n\t\t<\/section>\n\t\t\t\t\t\t<\/div>\n\t\t\t<\/div>\n\t\t<\/div>\n\t\t","protected":false},"excerpt":{"rendered":"<p>BOSQUES 1 DETALLES Terreno 250 m2 Construcci\u00f3n 470 m2 Arquitecto Arq. C\u00e9sar D\u00edaz V\u00e9lez<\/p>\n","protected":false},"author":2,"featured_media":847,"parent":0,"menu_order":0,"comment_status":"closed","ping_status":"closed","template":"single-portfolio.php","meta":{"footnotes":""},"_links":{"self":[{"href":"https:\/\/singulares.mx\/index.php?rest_route=\/wp\/v2\/pages\/835"}],"collection":[{"href":"https:\/\/singulares.mx\/index.php?rest_route=\/wp\/v2\/pages"}],"about":[{"href":"https:\/\/singulares.mx\/index.php?rest_route=\/wp\/v2\/types\/page"}],"author":[{"embeddable":true,"href":"https:\/\/singulares.mx\/index.php?rest_route=\/wp\/v2\/users\/2"}],"replies":[{"embeddable":true,"href":"https:\/\/singulares.mx\/index.php?rest_route=%2Fwp%2Fv2%2Fcomments&post=835"}],"version-history":[{"count":15,"href":"https:\/\/singulares.mx\/index.php?rest_route=\/wp\/v2\/pages\/835\/revisions"}],"predecessor-version":[{"id":1240,"href":"https:\/\/singulares.mx\/index.php?rest_route=\/wp\/v2\/pages\/835\/revisions\/1240"}],"wp:featuredmedia":[{"embeddable":true,"href":"https:\/\/singulares.mx\/index.php?rest_route=\/wp\/v2\/media\/847"}],"wp:attachment":[{"href":"https:\/\/singulares.mx\/index.php?rest_route=%2Fwp%2Fv2%2Fmedia&parent=835"}],"curies":[{"name":"wp","href":"https:\/\/api.w.org\/{rel}","templated":true}]}}