{"id":755,"date":"2019-10-06T08:37:49","date_gmt":"2019-10-06T13:37:49","guid":{"rendered":"http:\/\/singulares.mx\/?page_id=755"},"modified":"2019-12-30T18:46:50","modified_gmt":"2019-12-31T00:46:50","slug":"onix","status":"publish","type":"page","link":"https:\/\/singulares.mx\/?page_id=755","title":{"rendered":"Onix"},"content":{"rendered":"\t\t<div data-elementor-type=\"wp-page\" data-elementor-id=\"755\" class=\"elementor elementor-755\" data-elementor-settings=\"[]\">\n\t\t\t<div class=\"elementor-inner\">\n\t\t\t\t<div class=\"elementor-section-wrap\">\n\t\t\t\t\t\t\t<section class=\"elementor-element elementor-element-95e4534 elementor-section-boxed elementor-section-height-default elementor-section-height-default elementor-section elementor-top-section\" data-id=\"95e4534\" data-element_type=\"section\">\n\t\t\t\t\t\t<div class=\"elementor-container elementor-column-gap-default\">\n\t\t\t\t<div class=\"elementor-row\">\n\t\t\t\t<div class=\"elementor-element elementor-element-ea06024 elementor-column elementor-col-66 elementor-top-column\" data-id=\"ea06024\" data-element_type=\"column\">\n\t\t\t<div class=\"elementor-column-wrap  elementor-element-populated\">\n\t\t\t\t\t<div class=\"elementor-widget-wrap\">\n\t\t\t\t<div class=\"elementor-element elementor-element-405bead elementor-widget elementor-widget-text-editor\" data-id=\"405bead\" data-element_type=\"widget\" data-widget_type=\"text-editor.default\">\n\t\t\t\t<div class=\"elementor-widget-container\">\n\t\t\t\t\t<div class=\"elementor-text-editor elementor-clearfix\"><h2>ONIX<\/h2><div>\u00a0<\/div><p>Espectacular residencia estilo cl\u00e1sico, dise\u00f1ada por el Arq. Carlos Gal\u00e1n Gal\u00e1n. Ubicada en la zona m\u00e1s privilegiada de San Pedro, esta casa cuenta con vistas hermosas de la ciudad. La casa se entrega completamente equipada con acabados de super lujo.<\/p><\/div>\n\t\t\t\t<\/div>\n\t\t\t\t<\/div>\n\t\t\t\t<div class=\"elementor-element elementor-element-93bb61d elementor-widget elementor-widget-image-gallery\" data-id=\"93bb61d\" data-element_type=\"widget\" data-widget_type=\"image-gallery.default\">\n\t\t\t\t<div class=\"elementor-widget-container\">\n\t\t\t\t\t<div class=\"elementor-image-gallery\">\n\t\t\t<div id='gallery-1' class='gallery galleryid-755 gallery-columns-3 gallery-size-large'><figure class='gallery-item'>\n\t\t\t<div class='gallery-icon portrait'>\n\t\t\t\t<a data-elementor-open-lightbox=\"default\" data-elementor-lightbox-slideshow=\"93bb61d\" href='https:\/\/singulares.mx\/wp-content\/uploads\/2019\/11\/IMG_2885.jpeg'><img width=\"768\" height=\"1024\" src=\"https:\/\/singulares.mx\/wp-content\/uploads\/2019\/11\/IMG_2885-768x1024.jpeg\" class=\"attachment-large size-large\" alt=\"\" decoding=\"async\" aria-describedby=\"gallery-1-1334\" loading=\"lazy\" srcset=\"https:\/\/singulares.mx\/wp-content\/uploads\/2019\/11\/IMG_2885-768x1024.jpeg 768w, https:\/\/singulares.mx\/wp-content\/uploads\/2019\/11\/IMG_2885-225x300.jpeg 225w, https:\/\/singulares.mx\/wp-content\/uploads\/2019\/11\/IMG_2885-551x735.jpeg 551w\" sizes=\"(max-width: 768px) 100vw, 768px\" \/><\/a>\n\t\t\t<\/div>\n\t\t\t\t<figcaption class='wp-caption-text gallery-caption' id='gallery-1-1334'>\n\t\t\t\tCochera\n\t\t\t\t<\/figcaption><\/figure><figure class='gallery-item'>\n\t\t\t<div class='gallery-icon landscape'>\n\t\t\t\t<a data-elementor-open-lightbox=\"default\" data-elementor-lightbox-slideshow=\"93bb61d\" href='https:\/\/singulares.mx\/wp-content\/uploads\/2019\/10\/onix-02.jpg'><img width=\"600\" height=\"450\" src=\"https:\/\/singulares.mx\/wp-content\/uploads\/2019\/10\/onix-02.jpg\" class=\"attachment-large size-large\" alt=\"\" decoding=\"async\" aria-describedby=\"gallery-1-829\" loading=\"lazy\" srcset=\"https:\/\/singulares.mx\/wp-content\/uploads\/2019\/10\/onix-02.jpg 600w, https:\/\/singulares.mx\/wp-content\/uploads\/2019\/10\/onix-02-300x225.jpg 300w\" sizes=\"(max-width: 600px) 100vw, 600px\" \/><\/a>\n\t\t\t<\/div>\n\t\t\t\t<figcaption class='wp-caption-text gallery-caption' id='gallery-1-829'>\n\t\t\t\tVista de sala-comedor\n\t\t\t\t<\/figcaption><\/figure><figure class='gallery-item'>\n\t\t\t<div class='gallery-icon landscape'>\n\t\t\t\t<a data-elementor-open-lightbox=\"default\" data-elementor-lightbox-slideshow=\"93bb61d\" href='https:\/\/singulares.mx\/wp-content\/uploads\/2019\/11\/IMG_2816.jpg'><img width=\"1024\" height=\"768\" src=\"https:\/\/singulares.mx\/wp-content\/uploads\/2019\/11\/IMG_2816-1024x768.jpg\" class=\"attachment-large size-large\" alt=\"\" decoding=\"async\" aria-describedby=\"gallery-1-1289\" loading=\"lazy\" srcset=\"https:\/\/singulares.mx\/wp-content\/uploads\/2019\/11\/IMG_2816-1024x768.jpg 1024w, https:\/\/singulares.mx\/wp-content\/uploads\/2019\/11\/IMG_2816-300x225.jpg 300w, https:\/\/singulares.mx\/wp-content\/uploads\/2019\/11\/IMG_2816-768x576.jpg 768w, https:\/\/singulares.mx\/wp-content\/uploads\/2019\/11\/IMG_2816-980x735.jpg 980w\" sizes=\"(max-width: 1024px) 100vw, 1024px\" \/><\/a>\n\t\t\t<\/div>\n\t\t\t\t<figcaption class='wp-caption-text gallery-caption' id='gallery-1-1289'>\n\t\t\t\tCocina\n\t\t\t\t<\/figcaption><\/figure><figure class='gallery-item'>\n\t\t\t<div class='gallery-icon landscape'>\n\t\t\t\t<a data-elementor-open-lightbox=\"default\" data-elementor-lightbox-slideshow=\"93bb61d\" href='https:\/\/singulares.mx\/wp-content\/uploads\/2019\/11\/IMG_2817.jpg'><img width=\"1024\" height=\"768\" src=\"https:\/\/singulares.mx\/wp-content\/uploads\/2019\/11\/IMG_2817-1024x768.jpg\" class=\"attachment-large size-large\" alt=\"\" decoding=\"async\" aria-describedby=\"gallery-1-1290\" loading=\"lazy\" srcset=\"https:\/\/singulares.mx\/wp-content\/uploads\/2019\/11\/IMG_2817-1024x768.jpg 1024w, https:\/\/singulares.mx\/wp-content\/uploads\/2019\/11\/IMG_2817-300x225.jpg 300w, https:\/\/singulares.mx\/wp-content\/uploads\/2019\/11\/IMG_2817-768x576.jpg 768w, https:\/\/singulares.mx\/wp-content\/uploads\/2019\/11\/IMG_2817-980x735.jpg 980w\" sizes=\"(max-width: 1024px) 100vw, 1024px\" \/><\/a>\n\t\t\t<\/div>\n\t\t\t\t<figcaption class='wp-caption-text gallery-caption' id='gallery-1-1290'>\n\t\t\t\tCocina\n\t\t\t\t<\/figcaption><\/figure><figure class='gallery-item'>\n\t\t\t<div class='gallery-icon portrait'>\n\t\t\t\t<a data-elementor-open-lightbox=\"default\" data-elementor-lightbox-slideshow=\"93bb61d\" href='https:\/\/singulares.mx\/wp-content\/uploads\/2019\/11\/IMG_2852.jpeg'><img width=\"768\" height=\"1024\" src=\"https:\/\/singulares.mx\/wp-content\/uploads\/2019\/11\/IMG_2852-768x1024.jpeg\" class=\"attachment-large size-large\" alt=\"\" decoding=\"async\" aria-describedby=\"gallery-1-1320\" loading=\"lazy\" srcset=\"https:\/\/singulares.mx\/wp-content\/uploads\/2019\/11\/IMG_2852-768x1024.jpeg 768w, https:\/\/singulares.mx\/wp-content\/uploads\/2019\/11\/IMG_2852-225x300.jpeg 225w, https:\/\/singulares.mx\/wp-content\/uploads\/2019\/11\/IMG_2852-551x735.jpeg 551w\" sizes=\"(max-width: 768px) 100vw, 768px\" \/><\/a>\n\t\t\t<\/div>\n\t\t\t\t<figcaption class='wp-caption-text gallery-caption' id='gallery-1-1320'>\n\t\t\t\tRec\u00e1mara Principal\n\t\t\t\t<\/figcaption><\/figure><figure class='gallery-item'>\n\t\t\t<div class='gallery-icon portrait'>\n\t\t\t\t<a data-elementor-open-lightbox=\"default\" data-elementor-lightbox-slideshow=\"93bb61d\" href='https:\/\/singulares.mx\/wp-content\/uploads\/2019\/11\/IMG_4732.jpeg'><img width=\"768\" height=\"1024\" src=\"https:\/\/singulares.mx\/wp-content\/uploads\/2019\/11\/IMG_4732-768x1024.jpeg\" class=\"attachment-large size-large\" alt=\"\" decoding=\"async\" aria-describedby=\"gallery-1-1335\" loading=\"lazy\" srcset=\"https:\/\/singulares.mx\/wp-content\/uploads\/2019\/11\/IMG_4732-768x1024.jpeg 768w, https:\/\/singulares.mx\/wp-content\/uploads\/2019\/11\/IMG_4732-225x300.jpeg 225w, https:\/\/singulares.mx\/wp-content\/uploads\/2019\/11\/IMG_4732-551x735.jpeg 551w\" sizes=\"(max-width: 768px) 100vw, 768px\" \/><\/a>\n\t\t\t<\/div>\n\t\t\t\t<figcaption class='wp-caption-text gallery-caption' id='gallery-1-1335'>\n\t\t\t\tRec\u00e1mara Principal\n\t\t\t\t<\/figcaption><\/figure><figure class='gallery-item'>\n\t\t\t<div class='gallery-icon portrait'>\n\t\t\t\t<a data-elementor-open-lightbox=\"default\" data-elementor-lightbox-slideshow=\"93bb61d\" href='https:\/\/singulares.mx\/wp-content\/uploads\/2019\/11\/IMG_2845.jpeg'><img width=\"768\" height=\"1024\" src=\"https:\/\/singulares.mx\/wp-content\/uploads\/2019\/11\/IMG_2845-768x1024.jpeg\" class=\"attachment-large size-large\" alt=\"\" decoding=\"async\" aria-describedby=\"gallery-1-1317\" loading=\"lazy\" srcset=\"https:\/\/singulares.mx\/wp-content\/uploads\/2019\/11\/IMG_2845-768x1024.jpeg 768w, https:\/\/singulares.mx\/wp-content\/uploads\/2019\/11\/IMG_2845-225x300.jpeg 225w, https:\/\/singulares.mx\/wp-content\/uploads\/2019\/11\/IMG_2845-551x735.jpeg 551w\" sizes=\"(max-width: 768px) 100vw, 768px\" \/><\/a>\n\t\t\t<\/div>\n\t\t\t\t<figcaption class='wp-caption-text gallery-caption' id='gallery-1-1317'>\n\t\t\t\tCloset Rec\u00e1mara Principal\n\t\t\t\t<\/figcaption><\/figure><figure class='gallery-item'>\n\t\t\t<div class='gallery-icon landscape'>\n\t\t\t\t<a data-elementor-open-lightbox=\"default\" data-elementor-lightbox-slideshow=\"93bb61d\" href='https:\/\/singulares.mx\/wp-content\/uploads\/2019\/11\/IMG_2874.jpeg'><img width=\"1024\" height=\"768\" src=\"https:\/\/singulares.mx\/wp-content\/uploads\/2019\/11\/IMG_2874-1024x768.jpeg\" class=\"attachment-large size-large\" alt=\"\" decoding=\"async\" aria-describedby=\"gallery-1-1329\" loading=\"lazy\" srcset=\"https:\/\/singulares.mx\/wp-content\/uploads\/2019\/11\/IMG_2874-1024x768.jpeg 1024w, https:\/\/singulares.mx\/wp-content\/uploads\/2019\/11\/IMG_2874-300x225.jpeg 300w, https:\/\/singulares.mx\/wp-content\/uploads\/2019\/11\/IMG_2874-768x576.jpeg 768w, https:\/\/singulares.mx\/wp-content\/uploads\/2019\/11\/IMG_2874-980x735.jpeg 980w\" sizes=\"(max-width: 1024px) 100vw, 1024px\" \/><\/a>\n\t\t\t<\/div>\n\t\t\t\t<figcaption class='wp-caption-text gallery-caption' id='gallery-1-1329'>\n\t\t\t\tTerraza Techada con Asador\n\t\t\t\t<\/figcaption><\/figure>\n\t\t<\/div>\n\t\t<\/div>\n\t\t\t\t<\/div>\n\t\t\t\t<\/div>\n\t\t\t\t\t\t<\/div>\n\t\t\t<\/div>\n\t\t<\/div>\n\t\t\t\t<div class=\"elementor-element elementor-element-da28fd7 elementor-column elementor-col-33 elementor-top-column\" data-id=\"da28fd7\" data-element_type=\"column\">\n\t\t\t<div class=\"elementor-column-wrap  elementor-element-populated\">\n\t\t\t\t\t<div class=\"elementor-widget-wrap\">\n\t\t\t\t<div class=\"elementor-element elementor-element-f8b727f elementor-widget elementor-widget-text-editor\" data-id=\"f8b727f\" data-element_type=\"widget\" data-widget_type=\"text-editor.default\">\n\t\t\t\t<div class=\"elementor-widget-container\">\n\t\t\t\t\t<div class=\"elementor-text-editor elementor-clearfix\"><div data-id=\"3e543a2\" data-element_type=\"column\"><div data-id=\"9cab6fb\" data-element_type=\"widget\" data-widget_type=\"heading.default\"><div><h3><span style=\"color: #4d4d4d;\">DETALLES<\/span><\/h3><div>\u00a0<\/div><hr \/><\/div><\/div><div data-id=\"dd59d67\" data-element_type=\"widget\" data-widget_type=\"pr-infobox.default\"><h4>Terreno<\/h4><p>736 m2<\/p><\/div><div data-id=\"ae37928\" data-element_type=\"widget\" data-widget_type=\"pr-infobox.default\"><h4>Construcci\u00f3n<\/h4><p>894 m2<\/p><\/div><div data-id=\"48e50df\" data-element_type=\"widget\" data-widget_type=\"pr-infobox.default\"><div data-id=\"ae37928\" data-element_type=\"widget\" data-widget_type=\"pr-infobox.default\"><div><div><div>\u00a0<\/div><\/div><\/div><\/div><div data-id=\"48e50df\" data-element_type=\"widget\" data-widget_type=\"pr-infobox.default\"><h4>Arquitecto<\/h4><p>Arq. Carlos Gal\u00e1n Gal\u00e1n<\/p><\/div><\/div><\/div><\/div>\n\t\t\t\t<\/div>\n\t\t\t\t<\/div>\n\t\t\t\t\t\t<\/div>\n\t\t\t<\/div>\n\t\t<\/div>\n\t\t\t\t\t\t<\/div>\n\t\t\t<\/div>\n\t\t<\/section>\n\t\t\t\t\t\t<\/div>\n\t\t\t<\/div>\n\t\t<\/div>\n\t\t","protected":false},"excerpt":{"rendered":"<p>ONIX \u00a0 Espectacular residencia estilo cl\u00e1sico, dise\u00f1ada por el Arq. Carlos Gal\u00e1n Gal\u00e1n. Ubicada en la zona m\u00e1s privilegiada de San Pedro, esta casa cuenta&hellip;<\/p>\n","protected":false},"author":2,"featured_media":721,"parent":0,"menu_order":0,"comment_status":"closed","ping_status":"closed","template":"single-portfolio.php","meta":{"footnotes":""},"_links":{"self":[{"href":"https:\/\/singulares.mx\/index.php?rest_route=\/wp\/v2\/pages\/755"}],"collection":[{"href":"https:\/\/singulares.mx\/index.php?rest_route=\/wp\/v2\/pages"}],"about":[{"href":"https:\/\/singulares.mx\/index.php?rest_route=\/wp\/v2\/types\/page"}],"author":[{"embeddable":true,"href":"https:\/\/singulares.mx\/index.php?rest_route=\/wp\/v2\/users\/2"}],"replies":[{"embeddable":true,"href":"https:\/\/singulares.mx\/index.php?rest_route=%2Fwp%2Fv2%2Fcomments&post=755"}],"version-history":[{"count":11,"href":"https:\/\/singulares.mx\/index.php?rest_route=\/wp\/v2\/pages\/755\/revisions"}],"predecessor-version":[{"id":1371,"href":"https:\/\/singulares.mx\/index.php?rest_route=\/wp\/v2\/pages\/755\/revisions\/1371"}],"wp:featuredmedia":[{"embeddable":true,"href":"https:\/\/singulares.mx\/index.php?rest_route=\/wp\/v2\/media\/721"}],"wp:attachment":[{"href":"https:\/\/singulares.mx\/index.php?rest_route=%2Fwp%2Fv2%2Fmedia&parent=755"}],"curies":[{"name":"wp","href":"https:\/\/api.w.org\/{rel}","templated":true}]}}