{"id":653,"date":"2019-09-28T01:56:08","date_gmt":"2019-09-28T06:56:08","guid":{"rendered":"http:\/\/singulares.mx\/?page_id=653"},"modified":"2020-01-22T09:58:59","modified_gmt":"2020-01-22T15:58:59","slug":"sena-2","status":"publish","type":"page","link":"https:\/\/singulares.mx\/?page_id=653","title":{"rendered":"Sena 2"},"content":{"rendered":"\t\t<div data-elementor-type=\"wp-page\" data-elementor-id=\"653\" class=\"elementor elementor-653\" data-elementor-settings=\"[]\">\n\t\t\t<div class=\"elementor-inner\">\n\t\t\t\t<div class=\"elementor-section-wrap\">\n\t\t\t\t\t\t\t<section class=\"elementor-element elementor-element-95e4534 elementor-section-boxed elementor-section-height-default elementor-section-height-default elementor-section elementor-top-section\" data-id=\"95e4534\" data-element_type=\"section\">\n\t\t\t\t\t\t<div class=\"elementor-container elementor-column-gap-default\">\n\t\t\t\t<div class=\"elementor-row\">\n\t\t\t\t<div class=\"elementor-element elementor-element-ea06024 elementor-column elementor-col-66 elementor-top-column\" data-id=\"ea06024\" data-element_type=\"column\">\n\t\t\t<div class=\"elementor-column-wrap  elementor-element-populated\">\n\t\t\t\t\t<div class=\"elementor-widget-wrap\">\n\t\t\t\t<div class=\"elementor-element elementor-element-405bead elementor-widget elementor-widget-text-editor\" data-id=\"405bead\" data-element_type=\"widget\" data-widget_type=\"text-editor.default\">\n\t\t\t\t<div class=\"elementor-widget-container\">\n\t\t\t\t\t<div class=\"elementor-text-editor elementor-clearfix\"><h2>SENA 1<\/h2><div>\u00a0<\/div><p>Hermosa casa con estilo contempor\u00e1neo, dise\u00f1ada por el Arq. Guillermo Tirado. Ubicada en el mero coraz\u00f3n de la Col. Del Valle, con f\u00e1cil acceso a Ave. Vasconcelos, Calazda del Valle y Calzada San Pedro. La combinaci\u00f3n de sus materiales y espacios altos, la convierte en una casa con espacios amplios y mucha luz natural. La casa se entrega llave en mano.<\/p><\/div>\n\t\t\t\t<\/div>\n\t\t\t\t<\/div>\n\t\t\t\t<div class=\"elementor-element elementor-element-93bb61d elementor-widget elementor-widget-image-gallery\" data-id=\"93bb61d\" data-element_type=\"widget\" data-widget_type=\"image-gallery.default\">\n\t\t\t\t<div class=\"elementor-widget-container\">\n\t\t\t\t\t<div class=\"elementor-image-gallery\">\n\t\t\t<div id='gallery-1' class='gallery galleryid-653 gallery-columns-3 gallery-size-large'><figure class='gallery-item'>\n\t\t\t<div class='gallery-icon portrait'>\n\t\t\t\t<a data-elementor-open-lightbox=\"default\" data-elementor-lightbox-slideshow=\"93bb61d\" href='https:\/\/singulares.mx\/wp-content\/uploads\/2019\/10\/sena-01.png'><img width=\"500\" height=\"749\" src=\"https:\/\/singulares.mx\/wp-content\/uploads\/2019\/10\/sena-01.png\" class=\"attachment-large size-large\" alt=\"\" decoding=\"async\" aria-describedby=\"gallery-1-796\" loading=\"lazy\" srcset=\"https:\/\/singulares.mx\/wp-content\/uploads\/2019\/10\/sena-01.png 500w, https:\/\/singulares.mx\/wp-content\/uploads\/2019\/10\/sena-01-200x300.png 200w, https:\/\/singulares.mx\/wp-content\/uploads\/2019\/10\/sena-01-491x735.png 491w\" sizes=\"(max-width: 500px) 100vw, 500px\" \/><\/a>\n\t\t\t<\/div>\n\t\t\t\t<figcaption class='wp-caption-text gallery-caption' id='gallery-1-796'>\n\t\t\t\tFachada Principal\n\t\t\t\t<\/figcaption><\/figure><figure class='gallery-item'>\n\t\t\t<div class='gallery-icon portrait'>\n\t\t\t\t<a data-elementor-open-lightbox=\"default\" data-elementor-lightbox-slideshow=\"93bb61d\" href='https:\/\/singulares.mx\/wp-content\/uploads\/2019\/11\/Casa-R\u00edo-Sena-8.jpg'><img width=\"683\" height=\"1024\" src=\"https:\/\/singulares.mx\/wp-content\/uploads\/2019\/11\/Casa-R\u00edo-Sena-8-683x1024.jpg\" class=\"attachment-large size-large\" alt=\"\" decoding=\"async\" aria-describedby=\"gallery-1-1365\" loading=\"lazy\" srcset=\"https:\/\/singulares.mx\/wp-content\/uploads\/2019\/11\/Casa-R\u00edo-Sena-8-683x1024.jpg 683w, https:\/\/singulares.mx\/wp-content\/uploads\/2019\/11\/Casa-R\u00edo-Sena-8-200x300.jpg 200w, https:\/\/singulares.mx\/wp-content\/uploads\/2019\/11\/Casa-R\u00edo-Sena-8-768x1151.jpg 768w, https:\/\/singulares.mx\/wp-content\/uploads\/2019\/11\/Casa-R\u00edo-Sena-8-491x735.jpg 491w\" sizes=\"(max-width: 683px) 100vw, 683px\" \/><\/a>\n\t\t\t<\/div>\n\t\t\t\t<figcaption class='wp-caption-text gallery-caption' id='gallery-1-1365'>\n\t\t\t\tCocina equipada\n\t\t\t\t<\/figcaption><\/figure><figure class='gallery-item'>\n\t\t\t<div class='gallery-icon landscape'>\n\t\t\t\t<a data-elementor-open-lightbox=\"default\" data-elementor-lightbox-slideshow=\"93bb61d\" href='https:\/\/singulares.mx\/wp-content\/uploads\/2019\/10\/sena-02.png'><img width=\"600\" height=\"401\" src=\"https:\/\/singulares.mx\/wp-content\/uploads\/2019\/10\/sena-02.png\" class=\"attachment-large size-large\" alt=\"\" decoding=\"async\" aria-describedby=\"gallery-1-797\" loading=\"lazy\" srcset=\"https:\/\/singulares.mx\/wp-content\/uploads\/2019\/10\/sena-02.png 600w, https:\/\/singulares.mx\/wp-content\/uploads\/2019\/10\/sena-02-300x201.png 300w\" sizes=\"(max-width: 600px) 100vw, 600px\" \/><\/a>\n\t\t\t<\/div>\n\t\t\t\t<figcaption class='wp-caption-text gallery-caption' id='gallery-1-797'>\n\t\t\t\tSeparaci\u00f3n entre sala-comedor y bar\n\t\t\t\t<\/figcaption><\/figure><figure class='gallery-item'>\n\t\t\t<div class='gallery-icon landscape'>\n\t\t\t\t<a data-elementor-open-lightbox=\"default\" data-elementor-lightbox-slideshow=\"93bb61d\" href='https:\/\/singulares.mx\/wp-content\/uploads\/2019\/10\/sena-03.png'><img width=\"600\" height=\"400\" src=\"https:\/\/singulares.mx\/wp-content\/uploads\/2019\/10\/sena-03.png\" class=\"attachment-large size-large\" alt=\"\" decoding=\"async\" aria-describedby=\"gallery-1-798\" loading=\"lazy\" srcset=\"https:\/\/singulares.mx\/wp-content\/uploads\/2019\/10\/sena-03.png 600w, https:\/\/singulares.mx\/wp-content\/uploads\/2019\/10\/sena-03-300x200.png 300w\" sizes=\"(max-width: 600px) 100vw, 600px\" \/><\/a>\n\t\t\t<\/div>\n\t\t\t\t<figcaption class='wp-caption-text gallery-caption' id='gallery-1-798'>\n\t\t\t\tSegunda Planta\n\t\t\t\t<\/figcaption><\/figure><figure class='gallery-item'>\n\t\t\t<div class='gallery-icon landscape'>\n\t\t\t\t<a data-elementor-open-lightbox=\"default\" data-elementor-lightbox-slideshow=\"93bb61d\" href='https:\/\/singulares.mx\/wp-content\/uploads\/2019\/11\/Casa-R\u00edo-Sena-12-1.jpg'><img width=\"1024\" height=\"814\" src=\"https:\/\/singulares.mx\/wp-content\/uploads\/2019\/11\/Casa-R\u00edo-Sena-12-1-1024x814.jpg\" class=\"attachment-large size-large\" alt=\"\" decoding=\"async\" aria-describedby=\"gallery-1-1339\" loading=\"lazy\" srcset=\"https:\/\/singulares.mx\/wp-content\/uploads\/2019\/11\/Casa-R\u00edo-Sena-12-1-1024x814.jpg 1024w, https:\/\/singulares.mx\/wp-content\/uploads\/2019\/11\/Casa-R\u00edo-Sena-12-1-300x238.jpg 300w, https:\/\/singulares.mx\/wp-content\/uploads\/2019\/11\/Casa-R\u00edo-Sena-12-1-768x611.jpg 768w, https:\/\/singulares.mx\/wp-content\/uploads\/2019\/11\/Casa-R\u00edo-Sena-12-1-925x735.jpg 925w\" sizes=\"(max-width: 1024px) 100vw, 1024px\" \/><\/a>\n\t\t\t<\/div>\n\t\t\t\t<figcaption class='wp-caption-text gallery-caption' id='gallery-1-1339'>\n\t\t\t\tVista Segunda Planta\n\t\t\t\t<\/figcaption><\/figure><figure class='gallery-item'>\n\t\t\t<div class='gallery-icon landscape'>\n\t\t\t\t<a data-elementor-open-lightbox=\"default\" data-elementor-lightbox-slideshow=\"93bb61d\" href='https:\/\/singulares.mx\/wp-content\/uploads\/2019\/10\/sena-07.png'><img width=\"600\" height=\"400\" src=\"https:\/\/singulares.mx\/wp-content\/uploads\/2019\/10\/sena-07.png\" class=\"attachment-large size-large\" alt=\"\" decoding=\"async\" aria-describedby=\"gallery-1-801\" loading=\"lazy\" srcset=\"https:\/\/singulares.mx\/wp-content\/uploads\/2019\/10\/sena-07.png 600w, https:\/\/singulares.mx\/wp-content\/uploads\/2019\/10\/sena-07-300x200.png 300w\" sizes=\"(max-width: 600px) 100vw, 600px\" \/><\/a>\n\t\t\t<\/div>\n\t\t\t\t<figcaption class='wp-caption-text gallery-caption' id='gallery-1-801'>\n\t\t\t\tEstancia Familiar\n\t\t\t\t<\/figcaption><\/figure><figure class='gallery-item'>\n\t\t\t<div class='gallery-icon landscape'>\n\t\t\t\t<a data-elementor-open-lightbox=\"default\" data-elementor-lightbox-slideshow=\"93bb61d\" href='https:\/\/singulares.mx\/wp-content\/uploads\/2019\/10\/sena-04.png'><img width=\"600\" height=\"400\" src=\"https:\/\/singulares.mx\/wp-content\/uploads\/2019\/10\/sena-04.png\" class=\"attachment-large size-large\" alt=\"\" decoding=\"async\" aria-describedby=\"gallery-1-799\" loading=\"lazy\" srcset=\"https:\/\/singulares.mx\/wp-content\/uploads\/2019\/10\/sena-04.png 600w, https:\/\/singulares.mx\/wp-content\/uploads\/2019\/10\/sena-04-300x200.png 300w\" sizes=\"(max-width: 600px) 100vw, 600px\" \/><\/a>\n\t\t\t<\/div>\n\t\t\t\t<figcaption class='wp-caption-text gallery-caption' id='gallery-1-799'>\n\t\t\t\tEstancia Familiar\n\t\t\t\t<\/figcaption><\/figure><figure class='gallery-item'>\n\t\t\t<div class='gallery-icon landscape'>\n\t\t\t\t<a data-elementor-open-lightbox=\"default\" data-elementor-lightbox-slideshow=\"93bb61d\" href='https:\/\/singulares.mx\/wp-content\/uploads\/2019\/10\/sena-05.png'><img width=\"600\" height=\"400\" src=\"https:\/\/singulares.mx\/wp-content\/uploads\/2019\/10\/sena-05.png\" class=\"attachment-large size-large\" alt=\"\" decoding=\"async\" aria-describedby=\"gallery-1-800\" loading=\"lazy\" srcset=\"https:\/\/singulares.mx\/wp-content\/uploads\/2019\/10\/sena-05.png 600w, https:\/\/singulares.mx\/wp-content\/uploads\/2019\/10\/sena-05-300x200.png 300w\" sizes=\"(max-width: 600px) 100vw, 600px\" \/><\/a>\n\t\t\t<\/div>\n\t\t\t\t<figcaption class='wp-caption-text gallery-caption' id='gallery-1-800'>\n\t\t\t\tRec\u00e1mara Principal\n\t\t\t\t<\/figcaption><\/figure><figure class='gallery-item'>\n\t\t\t<div class='gallery-icon portrait'>\n\t\t\t\t<a data-elementor-open-lightbox=\"default\" data-elementor-lightbox-slideshow=\"93bb61d\" href='https:\/\/singulares.mx\/wp-content\/uploads\/2019\/11\/IMG_4189-e1573759025906.jpg'><img width=\"768\" height=\"1024\" src=\"https:\/\/singulares.mx\/wp-content\/uploads\/2019\/11\/IMG_4189-e1573759025906-768x1024.jpg\" class=\"attachment-large size-large\" alt=\"\" decoding=\"async\" aria-describedby=\"gallery-1-1342\" loading=\"lazy\" srcset=\"https:\/\/singulares.mx\/wp-content\/uploads\/2019\/11\/IMG_4189-e1573759025906-768x1024.jpg 768w, https:\/\/singulares.mx\/wp-content\/uploads\/2019\/11\/IMG_4189-e1573759025906-225x300.jpg 225w, https:\/\/singulares.mx\/wp-content\/uploads\/2019\/11\/IMG_4189-e1573759025906-551x735.jpg 551w\" sizes=\"(max-width: 768px) 100vw, 768px\" \/><\/a>\n\t\t\t<\/div>\n\t\t\t\t<figcaption class='wp-caption-text gallery-caption' id='gallery-1-1342'>\n\t\t\t\tCloset Rec\u00e1mara Principal\n\t\t\t\t<\/figcaption><\/figure><figure class='gallery-item'>\n\t\t\t<div class='gallery-icon portrait'>\n\t\t\t\t<a data-elementor-open-lightbox=\"default\" data-elementor-lightbox-slideshow=\"93bb61d\" href='https:\/\/singulares.mx\/wp-content\/uploads\/2019\/11\/IMG_4194.jpg'><img width=\"768\" height=\"1024\" src=\"https:\/\/singulares.mx\/wp-content\/uploads\/2019\/11\/IMG_4194-768x1024.jpg\" class=\"attachment-large size-large\" alt=\"\" decoding=\"async\" aria-describedby=\"gallery-1-1340\" loading=\"lazy\" srcset=\"https:\/\/singulares.mx\/wp-content\/uploads\/2019\/11\/IMG_4194-768x1024.jpg 768w, https:\/\/singulares.mx\/wp-content\/uploads\/2019\/11\/IMG_4194-225x300.jpg 225w, https:\/\/singulares.mx\/wp-content\/uploads\/2019\/11\/IMG_4194-551x735.jpg 551w\" sizes=\"(max-width: 768px) 100vw, 768px\" \/><\/a>\n\t\t\t<\/div>\n\t\t\t\t<figcaption class='wp-caption-text gallery-caption' id='gallery-1-1340'>\n\t\t\t\tBa\u00f1o Rec\u00e1mara Principal\n\t\t\t\t<\/figcaption><\/figure><figure class='gallery-item'>\n\t\t\t<div class='gallery-icon portrait'>\n\t\t\t\t<a data-elementor-open-lightbox=\"default\" data-elementor-lightbox-slideshow=\"93bb61d\" href='https:\/\/singulares.mx\/wp-content\/uploads\/2019\/11\/IMG_4192-e1573758696118.jpg'><img width=\"768\" height=\"1024\" src=\"https:\/\/singulares.mx\/wp-content\/uploads\/2019\/11\/IMG_4192-e1573758696118-768x1024.jpg\" class=\"attachment-large size-large\" alt=\"\" decoding=\"async\" aria-describedby=\"gallery-1-1341\" loading=\"lazy\" srcset=\"https:\/\/singulares.mx\/wp-content\/uploads\/2019\/11\/IMG_4192-e1573758696118-768x1024.jpg 768w, https:\/\/singulares.mx\/wp-content\/uploads\/2019\/11\/IMG_4192-e1573758696118-225x300.jpg 225w, https:\/\/singulares.mx\/wp-content\/uploads\/2019\/11\/IMG_4192-e1573758696118-551x735.jpg 551w\" sizes=\"(max-width: 768px) 100vw, 768px\" \/><\/a>\n\t\t\t<\/div>\n\t\t\t\t<figcaption class='wp-caption-text gallery-caption' id='gallery-1-1341'>\n\t\t\t\tBa\u00f1o Rec\u00e1mara Principal\n\t\t\t\t<\/figcaption><\/figure><figure class='gallery-item'>\n\t\t\t<div class='gallery-icon landscape'>\n\t\t\t\t<a data-elementor-open-lightbox=\"default\" data-elementor-lightbox-slideshow=\"93bb61d\" href='https:\/\/singulares.mx\/wp-content\/uploads\/2019\/10\/sena-08.png'><img width=\"600\" height=\"507\" src=\"https:\/\/singulares.mx\/wp-content\/uploads\/2019\/10\/sena-08.png\" class=\"attachment-large size-large\" alt=\"\" decoding=\"async\" aria-describedby=\"gallery-1-802\" loading=\"lazy\" srcset=\"https:\/\/singulares.mx\/wp-content\/uploads\/2019\/10\/sena-08.png 600w, https:\/\/singulares.mx\/wp-content\/uploads\/2019\/10\/sena-08-300x254.png 300w\" sizes=\"(max-width: 600px) 100vw, 600px\" \/><\/a>\n\t\t\t<\/div>\n\t\t\t\t<figcaption class='wp-caption-text gallery-caption' id='gallery-1-802'>\n\t\t\t\tJard\u00edn con Alberca\n\t\t\t\t<\/figcaption><\/figure><figure class='gallery-item'>\n\t\t\t<div class='gallery-icon landscape'>\n\t\t\t\t<a data-elementor-open-lightbox=\"default\" data-elementor-lightbox-slideshow=\"93bb61d\" href='https:\/\/singulares.mx\/wp-content\/uploads\/2019\/10\/sena-09.png'><img width=\"600\" height=\"576\" src=\"https:\/\/singulares.mx\/wp-content\/uploads\/2019\/10\/sena-09.png\" class=\"attachment-large size-large\" alt=\"\" decoding=\"async\" aria-describedby=\"gallery-1-803\" loading=\"lazy\" srcset=\"https:\/\/singulares.mx\/wp-content\/uploads\/2019\/10\/sena-09.png 600w, https:\/\/singulares.mx\/wp-content\/uploads\/2019\/10\/sena-09-300x288.png 300w\" sizes=\"(max-width: 600px) 100vw, 600px\" \/><\/a>\n\t\t\t<\/div>\n\t\t\t\t<figcaption class='wp-caption-text gallery-caption' id='gallery-1-803'>\n\t\t\t\tTerraza Techada con Asador\n\t\t\t\t<\/figcaption><\/figure><figure class='gallery-item'>\n\t\t\t<div class='gallery-icon landscape'>\n\t\t\t\t<a data-elementor-open-lightbox=\"default\" data-elementor-lightbox-slideshow=\"93bb61d\" href='https:\/\/singulares.mx\/wp-content\/uploads\/2019\/10\/sena-10.png'><img width=\"600\" height=\"400\" src=\"https:\/\/singulares.mx\/wp-content\/uploads\/2019\/10\/sena-10.png\" class=\"attachment-large size-large\" alt=\"\" decoding=\"async\" aria-describedby=\"gallery-1-804\" loading=\"lazy\" srcset=\"https:\/\/singulares.mx\/wp-content\/uploads\/2019\/10\/sena-10.png 600w, https:\/\/singulares.mx\/wp-content\/uploads\/2019\/10\/sena-10-300x200.png 300w\" sizes=\"(max-width: 600px) 100vw, 600px\" \/><\/a>\n\t\t\t<\/div>\n\t\t\t\t<figcaption class='wp-caption-text gallery-caption' id='gallery-1-804'>\n\t\t\t\tCochera para 4 a 6 autos\n\t\t\t\t<\/figcaption><\/figure>\n\t\t<\/div>\n\t\t<\/div>\n\t\t\t\t<\/div>\n\t\t\t\t<\/div>\n\t\t\t\t\t\t<\/div>\n\t\t\t<\/div>\n\t\t<\/div>\n\t\t\t\t<div class=\"elementor-element elementor-element-da28fd7 elementor-column elementor-col-33 elementor-top-column\" data-id=\"da28fd7\" data-element_type=\"column\">\n\t\t\t<div class=\"elementor-column-wrap  elementor-element-populated\">\n\t\t\t\t\t<div class=\"elementor-widget-wrap\">\n\t\t\t\t<div class=\"elementor-element elementor-element-f8b727f elementor-widget elementor-widget-text-editor\" data-id=\"f8b727f\" data-element_type=\"widget\" data-widget_type=\"text-editor.default\">\n\t\t\t\t<div class=\"elementor-widget-container\">\n\t\t\t\t\t<div class=\"elementor-text-editor elementor-clearfix\"><div data-id=\"3e543a2\" data-element_type=\"column\"><div data-id=\"9cab6fb\" data-element_type=\"widget\" data-widget_type=\"heading.default\"><div><h3 style=\"color: #4d4d4d;\">DETALLES<\/h3><div>\u00a0<\/div><hr \/><\/div><\/div><div data-id=\"dd59d67\" data-element_type=\"widget\" data-widget_type=\"pr-infobox.default\"><h4>Terreno<\/h4><p>400 m2<\/p><\/div><div data-id=\"ae37928\" data-element_type=\"widget\" data-widget_type=\"pr-infobox.default\"><h4>Construcci\u00f3n<\/h4><p>664 m2<\/p><\/div><div data-id=\"48e50df\" data-element_type=\"widget\" data-widget_type=\"pr-infobox.default\"><h4>Plantas<\/h4><p>3<\/p><div data-id=\"ae37928\" data-element_type=\"widget\" data-widget_type=\"pr-infobox.default\"><div><div><div><h4>Rec\u00e1maras<\/h4><p>3<\/p><\/div><\/div><\/div><\/div><div data-id=\"48e50df\" data-element_type=\"widget\" data-widget_type=\"pr-infobox.default\"><h4>Jard\u00edn<\/h4><p>90 m2<\/p><h4>Alberca<\/h4><p>s\u00ed + terraza techada con asador<\/p><h4>Cochera<\/h4><p>4 a 6 autos<\/p><h4>Precio<\/h4><p>$30,900,000<\/p><h4>Arquitecto<\/h4><p>Arq. Guillermo Tirado Gonz\u00e1lez<\/p><\/div><\/div><\/div><\/div>\n\t\t\t\t<\/div>\n\t\t\t\t<\/div>\n\t\t\t\t\t\t<\/div>\n\t\t\t<\/div>\n\t\t<\/div>\n\t\t\t\t\t\t<\/div>\n\t\t\t<\/div>\n\t\t<\/section>\n\t\t\t\t\t\t<\/div>\n\t\t\t<\/div>\n\t\t<\/div>\n\t\t","protected":false},"excerpt":{"rendered":"<p>SENA 1 \u00a0 Hermosa casa con estilo contempor\u00e1neo, dise\u00f1ada por el Arq. Guillermo Tirado. Ubicada en el mero coraz\u00f3n de la Col. Del Valle, con&hellip;<\/p>\n","protected":false},"author":3,"featured_media":716,"parent":0,"menu_order":0,"comment_status":"closed","ping_status":"closed","template":"single-portfolio.php","meta":{"footnotes":""},"_links":{"self":[{"href":"https:\/\/singulares.mx\/index.php?rest_route=\/wp\/v2\/pages\/653"}],"collection":[{"href":"https:\/\/singulares.mx\/index.php?rest_route=\/wp\/v2\/pages"}],"about":[{"href":"https:\/\/singulares.mx\/index.php?rest_route=\/wp\/v2\/types\/page"}],"author":[{"embeddable":true,"href":"https:\/\/singulares.mx\/index.php?rest_route=\/wp\/v2\/users\/3"}],"replies":[{"embeddable":true,"href":"https:\/\/singulares.mx\/index.php?rest_route=%2Fwp%2Fv2%2Fcomments&post=653"}],"version-history":[{"count":35,"href":"https:\/\/singulares.mx\/index.php?rest_route=\/wp\/v2\/pages\/653\/revisions"}],"predecessor-version":[{"id":1419,"href":"https:\/\/singulares.mx\/index.php?rest_route=\/wp\/v2\/pages\/653\/revisions\/1419"}],"wp:featuredmedia":[{"embeddable":true,"href":"https:\/\/singulares.mx\/index.php?rest_route=\/wp\/v2\/media\/716"}],"wp:attachment":[{"href":"https:\/\/singulares.mx\/index.php?rest_route=%2Fwp%2Fv2%2Fmedia&parent=653"}],"curies":[{"name":"wp","href":"https:\/\/api.w.org\/{rel}","templated":true}]}}