{"id":1137,"date":"2019-11-08T11:31:59","date_gmt":"2019-11-08T17:31:59","guid":{"rendered":"http:\/\/singulares.mx\/?page_id=1137"},"modified":"2019-11-19T22:17:47","modified_gmt":"2019-11-20T04:17:47","slug":"elbe","status":"publish","type":"page","link":"https:\/\/singulares.mx\/?page_id=1137","title":{"rendered":"Elbe"},"content":{"rendered":"\t\t<div data-elementor-type=\"wp-page\" data-elementor-id=\"1137\" class=\"elementor elementor-1137\" data-elementor-settings=\"[]\">\n\t\t\t<div class=\"elementor-inner\">\n\t\t\t\t<div class=\"elementor-section-wrap\">\n\t\t\t\t\t\t\t<section class=\"elementor-element elementor-element-fa7df3d elementor-section-boxed elementor-section-height-default elementor-section-height-default elementor-section elementor-top-section\" data-id=\"fa7df3d\" data-element_type=\"section\">\n\t\t\t\t\t\t<div class=\"elementor-container elementor-column-gap-default\">\n\t\t\t\t<div class=\"elementor-row\">\n\t\t\t\t<div class=\"elementor-element elementor-element-efb078a elementor-column elementor-col-33 elementor-top-column\" data-id=\"efb078a\" data-element_type=\"column\">\n\t\t\t<div class=\"elementor-column-wrap  elementor-element-populated\">\n\t\t\t\t\t<div class=\"elementor-widget-wrap\">\n\t\t\t\t<div class=\"elementor-element elementor-element-24668c7 elementor-widget elementor-widget-image\" data-id=\"24668c7\" data-element_type=\"widget\" data-widget_type=\"image.default\">\n\t\t\t\t<div class=\"elementor-widget-container\">\n\t\t\t\t\t<div class=\"elementor-image\">\n\t\t\t\t\t\t\t\t\t\t<img loading=\"lazy\" width=\"300\" height=\"120\" src=\"https:\/\/singulares.mx\/wp-content\/uploads\/2019\/11\/ELBE-PoolSurface-Logo-2018-3-300x120.png\" class=\"attachment-medium size-medium\" alt=\"\" decoding=\"async\" srcset=\"https:\/\/singulares.mx\/wp-content\/uploads\/2019\/11\/ELBE-PoolSurface-Logo-2018-3-300x120.png 300w, https:\/\/singulares.mx\/wp-content\/uploads\/2019\/11\/ELBE-PoolSurface-Logo-2018-3.png 600w\" sizes=\"(max-width: 300px) 100vw, 300px\" \/>\t\t\t\t\t\t\t\t\t\t\t<\/div>\n\t\t\t\t<\/div>\n\t\t\t\t<\/div>\n\t\t\t\t\t\t<\/div>\n\t\t\t<\/div>\n\t\t<\/div>\n\t\t\t\t<div class=\"elementor-element elementor-element-3153f12 elementor-column elementor-col-66 elementor-top-column\" data-id=\"3153f12\" data-element_type=\"column\">\n\t\t\t<div class=\"elementor-column-wrap  elementor-element-populated\">\n\t\t\t\t\t<div class=\"elementor-widget-wrap\">\n\t\t\t\t<div class=\"elementor-element elementor-element-aa33c4a elementor-widget elementor-widget-image\" data-id=\"aa33c4a\" data-element_type=\"widget\" data-widget_type=\"image.default\">\n\t\t\t\t<div class=\"elementor-widget-container\">\n\t\t\t\t\t<div class=\"elementor-image\">\n\t\t\t\t\t\t\t\t\t\t<img loading=\"lazy\" width=\"768\" height=\"558\" src=\"https:\/\/singulares.mx\/wp-content\/uploads\/2019\/11\/Captura-de-Pantalla-2019-11-08-a-las-11.39.55-768x558.jpg\" class=\"attachment-medium_large size-medium_large\" alt=\"\" decoding=\"async\" srcset=\"https:\/\/singulares.mx\/wp-content\/uploads\/2019\/11\/Captura-de-Pantalla-2019-11-08-a-las-11.39.55-768x558.jpg 768w, https:\/\/singulares.mx\/wp-content\/uploads\/2019\/11\/Captura-de-Pantalla-2019-11-08-a-las-11.39.55-300x218.jpg 300w, https:\/\/singulares.mx\/wp-content\/uploads\/2019\/11\/Captura-de-Pantalla-2019-11-08-a-las-11.39.55-1024x744.jpg 1024w, https:\/\/singulares.mx\/wp-content\/uploads\/2019\/11\/Captura-de-Pantalla-2019-11-08-a-las-11.39.55-980x712.jpg 980w, https:\/\/singulares.mx\/wp-content\/uploads\/2019\/11\/Captura-de-Pantalla-2019-11-08-a-las-11.39.55.jpg 1412w\" sizes=\"(max-width: 768px) 100vw, 768px\" \/>\t\t\t\t\t\t\t\t\t\t\t<\/div>\n\t\t\t\t<\/div>\n\t\t\t\t<\/div>\n\t\t\t\t<div class=\"elementor-element elementor-element-ace4476 elementor-widget elementor-widget-text-editor\" data-id=\"ace4476\" data-element_type=\"widget\" data-widget_type=\"text-editor.default\">\n\t\t\t\t<div class=\"elementor-widget-container\">\n\t\t\t\t\t<div class=\"elementor-text-editor elementor-clearfix\"><div><div><p>Las l\u00e1minas armadas para piscinas ELBE\u00ae est\u00e1n producidas en Alemania por ELBTAL PLASTICS. La empresa pertenece al grupo KAP con una facturaci\u00f3n anual de 500 Millones de Euros y 3.500 empleados. Las ra\u00edces de la empresa se remontan al a\u00f1o 1837 con la firma MEHLER quien fue pionera en la producci\u00f3n textil y qu\u00edmica.<\/p><p>ELBTAL PLASTICS se dedic\u00f3 exclusivamente a producir l\u00e1minas flexibles de PVC a partir del a\u00f1o 1956, con m\u00e1s de 700 millones de metros cuadrados producidos hasta la fecha.<\/p><p>Actualmente, ELBTAL PLASTICS es el \u00fanico productor a nivel mundial cuya actividad principal es la l\u00e1mina armada para piscinas. Este hecho permite que ELBTAL PLASTICS sea reconocido como el gran especialista en este mercado a nivel mundial.<\/p><p>ELBE\u00ae se vende en m\u00e1s de 50 pa\u00edses y conoce una fase de expansi\u00f3n fuerte y continuada durante la \u00faltima d\u00e9cada, gracias a sus excelentes cualidades t\u00e9cnicas y la relaci\u00f3n de confianza con los clientes.<\/p><\/div><div>\u00a0<\/div><div><a href=\"https:\/\/www.elbepiscinas.com\">www.elbepiscinas.com<\/a><\/div><\/div><\/div>\n\t\t\t\t<\/div>\n\t\t\t\t<\/div>\n\t\t\t\t<div class=\"elementor-element elementor-element-3f0ef98 elementor-widget elementor-widget-spacer\" data-id=\"3f0ef98\" data-element_type=\"widget\" data-widget_type=\"spacer.default\">\n\t\t\t\t<div class=\"elementor-widget-container\">\n\t\t\t\t\t<div class=\"elementor-spacer\">\n\t\t\t<div class=\"elementor-spacer-inner\"><\/div>\n\t\t<\/div>\n\t\t\t\t<\/div>\n\t\t\t\t<\/div>\n\t\t\t\t\t\t<\/div>\n\t\t\t<\/div>\n\t\t<\/div>\n\t\t\t\t\t\t<\/div>\n\t\t\t<\/div>\n\t\t<\/section>\n\t\t\t\t\t\t<\/div>\n\t\t\t<\/div>\n\t\t<\/div>\n\t\t","protected":false},"excerpt":{"rendered":"<p>Las l\u00e1minas armadas para piscinas ELBE\u00ae est\u00e1n producidas en Alemania por ELBTAL PLASTICS. La empresa pertenece al grupo KAP con una facturaci\u00f3n anual de 500&hellip;<\/p>\n","protected":false},"author":1,"featured_media":0,"parent":0,"menu_order":0,"comment_status":"closed","ping_status":"closed","template":"single-portfolio.php","meta":{"footnotes":""},"_links":{"self":[{"href":"https:\/\/singulares.mx\/index.php?rest_route=\/wp\/v2\/pages\/1137"}],"collection":[{"href":"https:\/\/singulares.mx\/index.php?rest_route=\/wp\/v2\/pages"}],"about":[{"href":"https:\/\/singulares.mx\/index.php?rest_route=\/wp\/v2\/types\/page"}],"author":[{"embeddable":true,"href":"https:\/\/singulares.mx\/index.php?rest_route=\/wp\/v2\/users\/1"}],"replies":[{"embeddable":true,"href":"https:\/\/singulares.mx\/index.php?rest_route=%2Fwp%2Fv2%2Fcomments&post=1137"}],"version-history":[{"count":3,"href":"https:\/\/singulares.mx\/index.php?rest_route=\/wp\/v2\/pages\/1137\/revisions"}],"predecessor-version":[{"id":1352,"href":"https:\/\/singulares.mx\/index.php?rest_route=\/wp\/v2\/pages\/1137\/revisions\/1352"}],"wp:attachment":[{"href":"https:\/\/singulares.mx\/index.php?rest_route=%2Fwp%2Fv2%2Fmedia&parent=1137"}],"curies":[{"name":"wp","href":"https:\/\/api.w.org\/{rel}","templated":true}]}}